{"id":9530,"date":"2023-03-16T13:27:49","date_gmt":"2023-03-16T12:27:49","guid":{"rendered":"https:\/\/www.item.si\/?page_id=9530"},"modified":"2024-11-22T11:31:10","modified_gmt":"2024-11-22T10:31:10","slug":"o-nas-rok-sivec","status":"publish","type":"page","link":"https:\/\/www.item.si\/sl\/o-nas-rok-sivec\/","title":{"rendered":"Rok \u0160ivec"},"content":{"rendered":"<p>[et_pb_section fb_built=&#8221;1&#8243; custom_padding_last_edited=&#8221;on|desktop&#8221; admin_label=&#8221;section&#8221; _builder_version=&#8221;4.16&#8243; background_color=&#8221;rgba(255,255,255,0)&#8221; custom_padding_tablet=&#8221;50px|0|50px|0&#8243; custom_padding_phone=&#8221;&#8221; transparent_background=&#8221;on&#8221; padding_mobile=&#8221;off&#8221; make_fullwidth=&#8221;off&#8221; use_custom_width=&#8221;off&#8221; width_unit=&#8221;on&#8221; global_colors_info=&#8221;{}&#8221;][et_pb_row admin_label=&#8221;row&#8221; _builder_version=&#8221;4.16&#8243; background_size=&#8221;initial&#8221; background_position=&#8221;top_left&#8221; background_repeat=&#8221;repeat&#8221; global_colors_info=&#8221;{}&#8221;][et_pb_column type=&#8221;4_4&#8243; _builder_version=&#8221;4.16&#8243; custom_padding=&#8221;|||&#8221; global_colors_info=&#8221;{}&#8221; custom_padding__hover=&#8221;|||&#8221;][et_pb_team_member name=&#8221;Rok \u0160ivec&#8221; position=&#8221;Svetovalec za patente&#8221; image_url=&#8221;https:\/\/www.item.si\/wp-content\/uploads\/2023\/06\/RokSivec-1-scaled.jpg&#8221; admin_label=&#8221;Rok \u0160ivec&#8221; _builder_version=&#8221;4.27.3&#8243; animation=&#8221;left&#8221; hover_enabled=&#8221;0&#8243; use_border_color=&#8221;off&#8221; global_colors_info=&#8221;{}&#8221; sticky_enabled=&#8221;0&#8243;]<\/p>\n<p>E-mail <a href=\"mailto:rok.sivec@item.si\">rok.sivec(at)item.si<\/a><\/p>\n<h5>Delovne in strokovne izku\u0161nje<\/h5>\n<p>Rok se je ITEM-u pridru\u017eil v letu 2023 kot patentni svetovalec, po tem ko je kot tehnolog v industriji ter raziskovalec s podro\u010dja kemijskega in\u017eenirstva pridobil \u0161iroko paleto tehni\u010dnega znanja. Rokovo sedanje delo vklju\u010duje svetovanje strankam pri postopkih za pridobitev patentnega varstva, pripravljanje in vlaganje patentnih prijav in opravljanje poizvedb s patentnega podro\u010dja.<\/p>\n<h5>Izobra\u017eevanje in usposabljanje<\/h5>\n<ul>\n<li>Doktor znanosti, Univerza v Novi Gorici<\/li>\n<li>Mag. in\u017e. kem. in\u017e., Univerza v ljubljani<\/li>\n<\/ul>\n<h5>Jeziki<\/h5>\n<p>Slovenski, angle\u0161ki<\/p>\n<h5>Interesi<\/h5>\n<p>\u0160port, mehanika, psihologija<\/p>\n<p>[\/et_pb_team_member][\/et_pb_column][\/et_pb_row][\/et_pb_section]<\/p>\n","protected":false},"excerpt":{"rendered":"<p>E-mail rok.sivec(at)item.si Delovne in strokovne izku\u0161nje Rok se je ITEM-u pridru\u017eil v letu 2023 kot patentni svetovalec, po tem ko je kot tehnolog v industriji ter raziskovalec s podro\u010dja kemijskega in\u017eenirstva pridobil \u0161iroko paleto tehni\u010dnega znanja. Rokovo sedanje delo vklju\u010duje svetovanje strankam pri postopkih za pridobitev patentnega varstva, pripravljanje in vlaganje patentnih prijav in opravljanje [&hellip;]<\/p>\n","protected":false},"author":2,"featured_media":0,"parent":0,"menu_order":0,"comment_status":"closed","ping_status":"closed","template":"","meta":{"_et_pb_use_builder":"on","_et_pb_old_content":"","_et_gb_content_width":"","footnotes":""},"class_list":["post-9530","page","type-page","status-publish","hentry"],"_links":{"self":[{"href":"https:\/\/www.item.si\/sl\/wp-json\/wp\/v2\/pages\/9530","targetHints":{"allow":["GET"]}}],"collection":[{"href":"https:\/\/www.item.si\/sl\/wp-json\/wp\/v2\/pages"}],"about":[{"href":"https:\/\/www.item.si\/sl\/wp-json\/wp\/v2\/types\/page"}],"author":[{"embeddable":true,"href":"https:\/\/www.item.si\/sl\/wp-json\/wp\/v2\/users\/2"}],"replies":[{"embeddable":true,"href":"https:\/\/www.item.si\/sl\/wp-json\/wp\/v2\/comments?post=9530"}],"version-history":[{"count":12,"href":"https:\/\/www.item.si\/sl\/wp-json\/wp\/v2\/pages\/9530\/revisions"}],"predecessor-version":[{"id":13941,"href":"https:\/\/www.item.si\/sl\/wp-json\/wp\/v2\/pages\/9530\/revisions\/13941"}],"wp:attachment":[{"href":"https:\/\/www.item.si\/sl\/wp-json\/wp\/v2\/media?parent=9530"}],"curies":[{"name":"wp","href":"https:\/\/api.w.org\/{rel}","templated":true}]}}