{"id":1550,"date":"2019-04-03T11:17:33","date_gmt":"2019-04-03T09:17:33","guid":{"rendered":"https:\/\/www.item.si\/?page_id=1550"},"modified":"2025-10-24T09:19:02","modified_gmt":"2025-10-24T07:19:02","slug":"neza-poglajen","status":"publish","type":"page","link":"https:\/\/www.item.si\/sl\/o-nas\/neza-poglajen\/","title":{"rendered":"Ne\u017ea Poglajen"},"content":{"rendered":"<p>[et_pb_section fb_built=&#8221;1&#8243; custom_padding_last_edited=&#8221;on|desktop&#8221; admin_label=&#8221;section&#8221; _builder_version=&#8221;4.16&#8243; background_color=&#8221;rgba(255,255,255,0)&#8221; custom_padding_tablet=&#8221;50px|0|50px|0&#8243; custom_padding_phone=&#8221;&#8221; transparent_background=&#8221;on&#8221; padding_mobile=&#8221;off&#8221; make_fullwidth=&#8221;off&#8221; use_custom_width=&#8221;off&#8221; width_unit=&#8221;on&#8221; global_colors_info=&#8221;{}&#8221;][et_pb_row admin_label=&#8221;row&#8221; _builder_version=&#8221;4.16&#8243; background_size=&#8221;initial&#8221; background_position=&#8221;top_left&#8221; background_repeat=&#8221;repeat&#8221; global_colors_info=&#8221;{}&#8221;][et_pb_column type=&#8221;4_4&#8243; _builder_version=&#8221;4.16&#8243; custom_padding=&#8221;|||&#8221; global_colors_info=&#8221;{}&#8221; custom_padding__hover=&#8221;|||&#8221;][et_pb_team_member name=&#8221;Ne\u017ea Poglajen&#8221; position=&#8221;Dipl. Pravnica, Svetovalka za znamke&#8221; image_url=&#8221;https:\/\/www.item.si\/wp-content\/uploads\/2022\/08\/neza_poglajen_175x250px.jpg&#8221; admin_label=&#8221;Ne\u017ea Poglajen&#8221; _builder_version=&#8221;4.27.4&#8243; animation=&#8221;left&#8221; hover_enabled=&#8221;0&#8243; use_border_color=&#8221;off&#8221; global_colors_info=&#8221;{}&#8221; sticky_enabled=&#8221;0&#8243;]<\/p>\n<p>E-mail <a href=\"mailto:masa.osredkar@item.si\">neza.poglajen(at)item.si<\/a><\/p>\n<h5>Delovne in strokovne izku\u0161nje<\/h5>\n<p>Ne\u017ea se je ITEM-u pridru\u017eila v letu 2022 kot svetovalka za znamke. Trenutno \u0161e \u0161tudira pravo na Evropski pravni fakulteti v Novi Gorici. Ukvarja se z vsemi vidiki za\u0161\u010dite in uveljavljanja pravic intelektualne lastnine, predvsem pa s kr\u0161itvami pravic in ugovornimi postopki na nacionalni ter EU ravni.<\/p>\n<h5>Izobra\u017eevanje in usposabljanje<\/h5>\n<ul>\n<li>Dipl. prav. (UN), Evropska pravna fakulteta v Novi Gorici<\/li>\n<\/ul>\n<h5>Objave<\/h5>\n<ul>\n<li>Blow for Red Bull as EUIPO rejects opposition against RIDER for beverages, WTR, 2025 <a href=\"https:\/\/www.item.si\/wp-content\/uploads\/2025\/04\/Blow-for-Red-Bull-as-EUIPO-rejects-opposition-against-RIDER-for-beverages.pdf\">[PDF]<\/a><\/li>\n<li>Samsung obtains partial revocation of Tissot\u2019s trademark rights, WTR, 2025 [<a href=\"https:\/\/www.item.si\/wp-content\/uploads\/2025\/02\/Samsung-obtains-partial-revocation-of-Tissots-trademark-rights-.pdf\">PDF<\/a>]<\/li>\n<li>New regulation establishes official fees for trademark cancellation and invalidation proceedings, WTR, 2024 [<a href=\"https:\/\/www.item.si\/wp-content\/uploads\/2024\/03\/New-regulation-establishes-official-fees-for-trademark-cancellation-and-invalidation-proceedings.pdf\">PDF<\/a>]<\/li>\n<\/ul>\n<h5>Jeziki<\/h5>\n<p>Slovenski, angle\u0161ki<\/p>\n<h5>Interesi<\/h5>\n<p>Ples, glasba, potovanja, pohodni\u0161tvo<\/p>\n<p>[\/et_pb_team_member][\/et_pb_column][\/et_pb_row][\/et_pb_section]<\/p>\n","protected":false},"excerpt":{"rendered":"<p>E-mail neza.poglajen(at)item.si Delovne in strokovne izku\u0161nje Ne\u017ea se je ITEM-u pridru\u017eila v letu 2022 kot svetovalka za znamke. Trenutno \u0161e \u0161tudira pravo na Evropski pravni fakulteti v Novi Gorici. Ukvarja se z vsemi vidiki za\u0161\u010dite in uveljavljanja pravic intelektualne lastnine, predvsem pa s kr\u0161itvami pravic in ugovornimi postopki na nacionalni ter EU ravni. Izobra\u017eevanje in [&hellip;]<\/p>\n","protected":false},"author":1,"featured_media":0,"parent":1082,"menu_order":0,"comment_status":"closed","ping_status":"closed","template":"page-template-blank.php","meta":{"_et_pb_use_builder":"on","_et_pb_old_content":"","_et_gb_content_width":"","footnotes":""},"class_list":["post-1550","page","type-page","status-publish","hentry"],"_links":{"self":[{"href":"https:\/\/www.item.si\/sl\/wp-json\/wp\/v2\/pages\/1550","targetHints":{"allow":["GET"]}}],"collection":[{"href":"https:\/\/www.item.si\/sl\/wp-json\/wp\/v2\/pages"}],"about":[{"href":"https:\/\/www.item.si\/sl\/wp-json\/wp\/v2\/types\/page"}],"author":[{"embeddable":true,"href":"https:\/\/www.item.si\/sl\/wp-json\/wp\/v2\/users\/1"}],"replies":[{"embeddable":true,"href":"https:\/\/www.item.si\/sl\/wp-json\/wp\/v2\/comments?post=1550"}],"version-history":[{"count":24,"href":"https:\/\/www.item.si\/sl\/wp-json\/wp\/v2\/pages\/1550\/revisions"}],"predecessor-version":[{"id":15655,"href":"https:\/\/www.item.si\/sl\/wp-json\/wp\/v2\/pages\/1550\/revisions\/15655"}],"up":[{"embeddable":true,"href":"https:\/\/www.item.si\/sl\/wp-json\/wp\/v2\/pages\/1082"}],"wp:attachment":[{"href":"https:\/\/www.item.si\/sl\/wp-json\/wp\/v2\/media?parent=1550"}],"curies":[{"name":"wp","href":"https:\/\/api.w.org\/{rel}","templated":true}]}}