{"id":1163,"date":"2017-12-14T14:01:16","date_gmt":"2017-12-14T13:01:16","guid":{"rendered":"http:\/\/www.item.si\/?page_id=1163"},"modified":"2019-04-03T11:38:48","modified_gmt":"2019-04-03T09:38:48","slug":"pravno-obvestilo","status":"publish","type":"page","link":"https:\/\/www.item.si\/sl\/pravno-obvestilo\/","title":{"rendered":"Pravno obvestilo"},"content":{"rendered":"<p>[et_pb_section bb_built=&#8221;1&#8243; fullwidth=&#8221;on&#8221; specialty=&#8221;off&#8221; transparent_background=&#8221;off&#8221; background_color=&#8221;#189cd8&#8243; allow_player_pause=&#8221;off&#8221; inner_shadow=&#8221;off&#8221; parallax=&#8221;off&#8221; parallax_method=&#8221;off&#8221; padding_mobile=&#8221;off&#8221; make_fullwidth=&#8221;off&#8221; use_custom_width=&#8221;off&#8221; width_unit=&#8221;on&#8221; make_equal=&#8221;off&#8221; use_custom_gutter=&#8221;off&#8221; disabled=&#8221;off&#8221; background_image=&#8221;https:\/\/www.item.si\/wp-content\/uploads\/2015\/10\/header_bckg_drawing.jpg&#8221; gutter_width=&#8221;3&#8243; custom_padding_tablet=&#8221;50px|0|50px|0&#8243; custom_padding_last_edited=&#8221;on|desktop&#8221; next_background_color=&#8221;#eeeeee&#8221;][et_pb_fullwidth_header admin_label=&#8221;Legal Information&#8221; title=&#8221;Pravno obvestilo&#8221; title_font_size=&#8221;48&#8243; button_one_letter_spacing_hover=&#8221;0&#8243; button_two_letter_spacing_hover=&#8221;0&#8243; title_font=&#8221;Roboto Light||||&#8221; background_color=&#8221;rgba(255, 255, 255, 0)&#8221; _builder_version=&#8221;3.21&#8243; button_one_text_size__hover_enabled=&#8221;off&#8221; button_one_text_size__hover=&#8221;null&#8221; button_two_text_size__hover_enabled=&#8221;off&#8221; button_two_text_size__hover=&#8221;null&#8221; button_one_text_color__hover_enabled=&#8221;off&#8221; button_one_text_color__hover=&#8221;null&#8221; button_two_text_color__hover_enabled=&#8221;off&#8221; button_two_text_color__hover=&#8221;null&#8221; button_one_border_width__hover_enabled=&#8221;off&#8221; button_one_border_width__hover=&#8221;null&#8221; button_two_border_width__hover_enabled=&#8221;off&#8221; button_two_border_width__hover=&#8221;null&#8221; button_one_border_color__hover_enabled=&#8221;off&#8221; button_one_border_color__hover=&#8221;null&#8221; button_two_border_color__hover_enabled=&#8221;off&#8221; button_two_border_color__hover=&#8221;null&#8221; button_one_border_radius__hover_enabled=&#8221;off&#8221; button_one_border_radius__hover=&#8221;null&#8221; button_two_border_radius__hover_enabled=&#8221;off&#8221; button_two_border_radius__hover=&#8221;null&#8221; button_one_letter_spacing__hover_enabled=&#8221;on&#8221; button_one_letter_spacing__hover=&#8221;0&#8243; button_two_letter_spacing__hover_enabled=&#8221;on&#8221; button_two_letter_spacing__hover=&#8221;0&#8243; button_one_bg_color__hover_enabled=&#8221;off&#8221; button_one_bg_color__hover=&#8221;null&#8221; button_two_bg_color__hover_enabled=&#8221;off&#8221; button_two_bg_color__hover=&#8221;null&#8221; \/][\/et_pb_section][et_pb_section bb_built=&#8221;1&#8243; admin_label=&#8221;section&#8221; transparent_background=&#8221;off&#8221; background_color=&#8221;#eeeeee&#8221; allow_player_pause=&#8221;off&#8221; inner_shadow=&#8221;off&#8221; parallax=&#8221;off&#8221; parallax_method=&#8221;off&#8221; padding_mobile=&#8221;off&#8221; make_fullwidth=&#8221;off&#8221; use_custom_width=&#8221;off&#8221; width_unit=&#8221;on&#8221; make_equal=&#8221;off&#8221; use_custom_gutter=&#8221;off&#8221; custom_padding_tablet=&#8221;50px|0|50px|0&#8243; custom_padding_last_edited=&#8221;on|desktop&#8221; prev_background_color=&#8221;#189cd8&#8243;][et_pb_row admin_label=&#8221;row&#8221; background_position=&#8221;top_left&#8221; background_repeat=&#8221;repeat&#8221; background_size=&#8221;initial&#8221;][et_pb_column type=&#8221;1_4&#8243;][et_pb_text admin_label=&#8221;Contact&#8221; use_border_color=&#8221;off&#8221; background_position=&#8221;top_left&#8221; background_repeat=&#8221;repeat&#8221; background_size=&#8221;initial&#8221; _builder_version=&#8221;3.21&#8243;]<\/p>\n<h4>Contact<\/h4>\n<p>ITEM d.o.o.<br \/>\nZastopni\u0161ka pisarna za patente in blagovne znamke<br \/>\nResljeva cesta 16<br \/>\nSI-1000 Ljubljana<br \/>\nSlovenija<br \/>\nT 01 438 39 20<br \/>\nF 01 438 39 25<br \/>\nE <a href=\"mailto:mail@item.si\">mail(at)item.si<\/a><\/p>\n<p>[\/et_pb_text][\/et_pb_column][et_pb_column type=&#8221;3_4&#8243;][et_pb_text admin_label=&#8221;Legal Disclaimer&#8221; use_border_color=&#8221;off&#8221; border_color=&#8221;#ffffff&#8221; border_style=&#8221;solid&#8221; background_position=&#8221;top_left&#8221; background_repeat=&#8221;repeat&#8221; background_size=&#8221;initial&#8221; _builder_version=&#8221;3.21&#8243;]<\/p>\n<h3>Pravno obvestilo<\/h3>\n<p>To spletno mesto, vklju\u010dno s \u010dlanki in pravnimi informacijami, ki jih vsebuje, so izklju\u010dno informativne narave in namenjeni predstavitvi storitev intelektualne lastnine, ki jih ponuja podjetje ITEM. Informacije na tej spletni strani ne predstavljajo pravnih nasvetov in ne vsebujejo vseh aktualni sprememb zakonodaje. Za specifi\u010dne nasvete se, prosimo, obrnite na na\u0161e strokovne svetovalce.<\/p>\n<p>\u00a9 Copyright 2015 ITEM d.o.o. Vse pravice pridr\u017eane.<br \/>\nITEM je registrirana blagovna znamka dru\u017ebe ITEM d.o.o.<\/p>\n<p>[\/et_pb_text][\/et_pb_column][\/et_pb_row][\/et_pb_section]<\/p>\n","protected":false},"excerpt":{"rendered":"<p>Contact ITEM d.o.o. Zastopni\u0161ka pisarna za patente in blagovne znamke Resljeva cesta 16 SI-1000 Ljubljana Slovenija T 01 438 39 20 F 01 438 39 25 E mail(at)item.si Pravno obvestilo To spletno mesto, vklju\u010dno s \u010dlanki in pravnimi informacijami, ki jih vsebuje, so izklju\u010dno informativne narave in namenjeni predstavitvi storitev intelektualne lastnine, ki jih ponuja [&hellip;]<\/p>\n","protected":false},"author":1,"featured_media":0,"parent":0,"menu_order":10,"comment_status":"closed","ping_status":"closed","template":"","meta":{"_et_pb_use_builder":"on","_et_pb_old_content":"","_et_gb_content_width":"","footnotes":""},"class_list":["post-1163","page","type-page","status-publish","hentry"],"_links":{"self":[{"href":"https:\/\/www.item.si\/sl\/wp-json\/wp\/v2\/pages\/1163","targetHints":{"allow":["GET"]}}],"collection":[{"href":"https:\/\/www.item.si\/sl\/wp-json\/wp\/v2\/pages"}],"about":[{"href":"https:\/\/www.item.si\/sl\/wp-json\/wp\/v2\/types\/page"}],"author":[{"embeddable":true,"href":"https:\/\/www.item.si\/sl\/wp-json\/wp\/v2\/users\/1"}],"replies":[{"embeddable":true,"href":"https:\/\/www.item.si\/sl\/wp-json\/wp\/v2\/comments?post=1163"}],"version-history":[{"count":9,"href":"https:\/\/www.item.si\/sl\/wp-json\/wp\/v2\/pages\/1163\/revisions"}],"predecessor-version":[{"id":1559,"href":"https:\/\/www.item.si\/sl\/wp-json\/wp\/v2\/pages\/1163\/revisions\/1559"}],"wp:attachment":[{"href":"https:\/\/www.item.si\/sl\/wp-json\/wp\/v2\/media?parent=1163"}],"curies":[{"name":"wp","href":"https:\/\/api.w.org\/{rel}","templated":true}]}}