{"id":1115,"date":"2017-12-13T13:23:35","date_gmt":"2017-12-13T12:23:35","guid":{"rendered":"http:\/\/www.item.si\/?page_id=1115"},"modified":"2026-03-31T15:06:22","modified_gmt":"2026-03-31T13:06:22","slug":"gregor-macek","status":"publish","type":"page","link":"https:\/\/www.item.si\/sl\/o-nas\/gregor-macek\/","title":{"rendered":"Gregor Ma\u010dek"},"content":{"rendered":"<p>[et_pb_section fb_built=&#8221;1&#8243; custom_padding_last_edited=&#8221;on|desktop&#8221; admin_label=&#8221;section&#8221; _builder_version=&#8221;4.16&#8243; background_color=&#8221;rgba(255,255,255,0)&#8221; custom_padding_tablet=&#8221;50px|0|50px|0&#8243; custom_padding_phone=&#8221;&#8221; transparent_background=&#8221;on&#8221; padding_mobile=&#8221;off&#8221; make_fullwidth=&#8221;off&#8221; use_custom_width=&#8221;off&#8221; width_unit=&#8221;on&#8221; global_colors_info=&#8221;{}&#8221;][et_pb_row admin_label=&#8221;row&#8221; _builder_version=&#8221;4.16&#8243; background_size=&#8221;initial&#8221; background_position=&#8221;top_left&#8221; background_repeat=&#8221;repeat&#8221; global_colors_info=&#8221;{}&#8221;][et_pb_column type=&#8221;4_4&#8243; _builder_version=&#8221;4.16&#8243; custom_padding=&#8221;|||&#8221; global_colors_info=&#8221;{}&#8221; custom_padding__hover=&#8221;|||&#8221;][et_pb_team_member name=&#8221;Gregor Ma\u010dek&#8221; position=&#8221;Direktor, pravnik, zastopnik za patente, znamke in modele &#8221; image_url=&#8221;https:\/\/www.item.si\/wp-content\/uploads\/2015\/10\/gregor_macek_250.jpg&#8221; admin_label=&#8221;Gregor Ma\u010dek&#8221; _builder_version=&#8221;4.27.6&#8243; animation=&#8221;left&#8221; hover_enabled=&#8221;0&#8243; z_index_tablet=&#8221;500&#8243; use_border_color=&#8221;off&#8221; global_colors_info=&#8221;{}&#8221; sticky_enabled=&#8221;0&#8243;]<\/p>\n<p>E-mail <a href=\"mailto:gregor.macek@item.si\">gregor.macek@item.si<\/a><\/p>\n<h5>Delovne in strokovne izku\u0161nje<\/h5>\n<p>Gregor je diplomiral tako s podro\u010dja elektrotehnike kot tudi s podro\u010dja prava na Univerzi v Ljubljani. Pridru\u017eil se nam je leta 1997 in v letu 2000 prevzel vlogo direktorja. Njegovo obse\u017eno znanje in bogate izku\u0161nje se raztezajo zlasti na podro\u010dja prava znamk, domen, patentov, modelov ter zastopanja strank pred sodi\u0161\u010dem. Gregor je aktivno sodeloval pri pripravi sprememb Zakona o industrijski lastnini v letih 2001, 2006, 2020 in 2022. Napisal je znatno \u0161tevilo \u010dlankov v mednarodnih publikacijah in ob \u0161tevilnih prilo\u017enostih predaval na temo slovenske zakonodaje in sodne prakse.<\/p>\n<h5>Izobra\u017eevanje in poklicne kvalifikacije<\/h5>\n<ul>\n<li>univ. dipl. in\u017e. el., Univerza v Ljubljani<\/li>\n<li>univ. dipl. prav., Univerza v Ljubljani<\/li>\n<li>slovenski patentni zastopnik, vklju\u010dno za modele, znamke in geografske ozna\u010dbe (od 1999)<\/li>\n<li>pravni\u0161ki dr\u017eavni (pravosodni) izpit (2002)<\/li>\n<li>evropski patentni zastopnik pri Evropskem patentnem uradu (od 2002)<\/li>\n<li>kandidat za \u010dlana ali predsednika izpitne komisije za izpit za patentne zastopnike ali za zastopnike za modele in znamke pri Uradu RS za intelektualno lastnino (2002)<\/li>\n<li>predsednik poravnalnega sveta pri Uradu RS za intelektualno lastnino<\/li>\n<li>evropski zastopnik za znamke in modele pri Uradu EU za intelektualno lastnino (EUIPO)<\/li>\n<li>razsodnik pri \u010ce\u0161kem arbitra\u017enem sodi\u0161\u010du za spore v zvezi z domenami .EU (Panelist at the Czech Arbitration Court); od 2007<\/li>\n<li>sodni izvedenec za strokovno podro\u010dje industrijska lastnina (od 2025)<\/li>\n<\/ul>\n<h5>\u010clanstva<\/h5>\n<ul>\n<li>Evropski patentni in\u0161titut (EPI), \u010dlan in \u010dlan Sveta<\/li>\n<li>Zdru\u017eenje patentnih zastopnikov Slovenije (ZPZS), podpredsednik<\/li>\n<li>\u010ce\u0161ko arbitra\u017eno sodi\u0161\u010de za .EU domenske spore, razsodnik<\/li>\n<\/ul>\n<h5>Objave<\/h5>\n<ul>\n<li>European SPCs Unravelled: A Practitioner&#8217;s Guide to Supplementary Certificates in Europe&#8221; (Slovenian section), 2020-2022<\/li>\n<li>Manual for the Handling of Applications for Patents, Designs and Trademarks throughout the World (Slovenian section), The Brown Book, 2009-2025<\/li>\n<li>Spremembe Zakona o industrijski lastnini, Pravna praksa, 2020<\/li>\n<li>Amendments to the Industrial Property Act come into force \u2013 what you need to know, WTR, 2020\u00a0\u00a0<a class=\"fancybox-pdf\" href=\"https:\/\/www.item.si\/wp-content\/uploads\/2020\/05\/Amendments-to-the-Industrial-Property-Act-come-into-force-%E2%80%93-what-you-need-to-know-_-World-Trademark-Review.pdf\">[PDF]<\/a><\/li>\n<li>Poglavje \u201cEnforcement of Intellectual Property Rights in Slovenia.\u201d. V\u00a0<em>Enforcement of Intellectual Property Rights in the EU Member States<\/em>, Flip Petillion (ed), 1055\u201384. Intersentia, 2019.<\/li>\n<li>Kaj prina\u0161ata unitarni patent in enotno sodi\u0161\u010de za patente, \u010dlanek v Pravni Praksi \u0161t. 36-37, objavljeno 22.09.2016<\/li>\n<li>Blagovna znamka Evropske unije nadomestila znamko Skupnosti, \u010dlanek v Pravni Praksi \u0161t. 18, objavljeno 05.05.2016<\/li>\n<li>Enforcement of Intellectual Property Rights through Border Measures, (poglavje za slovensko jurisdikcijo), Oxford University Press, 2006, 2012<\/li>\n<li>Higher Court: forwarding agent is jointly and severally liable for infringement with importer, WTR, 2015 <a href=\"https:\/\/www.item.si\/wp-content\/uploads\/2015\/11\/Higher_Court_forwarding_agent_is_jointly_and_severally_liable_for_infringement_with_importer.pdf\">[PDF]<\/a><\/li>\n<li>Court shifts burden of proof to defendant in parallel import case, WTR, 2014\u00a0<a class=\"fancybox-pdf\" href=\"https:\/\/www.item.si\/wp-content\/uploads\/2016\/01\/Court_shifts_burden_of_proof_to_defendant_in_parallel_import_case.pdf\">[PDF]<\/a><\/li>\n<li>Kr\u0161itev mednarodne znamke, Podjetnik, 2014 <a href=\"https:\/\/www.item.si\/wp-content\/uploads\/2015\/10\/PODJETNIK_Krsitev_mednarodne_znamke.pdf\">[PDF]<\/a><\/li>\n<li>Import of infringing goods into EU through Slovenia constitutes infringement, WTR, 2013 <a href=\"https:\/\/www.item.si\/wp-content\/uploads\/2015\/10\/Import-of-infringing-goods-into-EU-through-Slovenia-constitutes-infringement-WTR-2013.pdf\">[PDF]<\/a><\/li>\n<li>SIPO confirms that company name may present obstacle to trademark registration <a href=\"https:\/\/www.item.si\/wp-content\/uploads\/2015\/10\/SIPO_confirms_that_company_name_may_present_obstacle_to_trademark_registration.pdf\">[PDF]<\/a><\/li>\n<li>Enforcement of Intellectual Property Rights through Border Measures (Slovenian section), Oxford University Press, 2006 and 2012<\/li>\n<li>Average consumer held to be increasingly attentive when buying food products, WTR, 2011 <a href=\"https:\/\/www.item.si\/wp-content\/uploads\/2015\/10\/Average-consumer-held-to-be-increasingly-attentive-when-buying-food-products.pdf\">[PDF]<\/a><\/li>\n<li>Olympic Committee trips on UNION OLIMPIJA hurdle, WTR, 2009 <a href=\"https:\/\/www.item.si\/wp-content\/uploads\/2015\/10\/Olympic-Committee-trips-on-UNION-OLIMPIJA-hurdle.pdf\">[PDF]<\/a><\/li>\n<li>Registration of sound mark refused based on earlier word mark, WTR, 2009 <a href=\"https:\/\/www.item.si\/wp-content\/uploads\/2015\/10\/Registration-of-sound-mark-refused-based-on-earlier-word-mark.pdf\">[PDF]<\/a><\/li>\n<li>\u2018.si\u2019 domain name registration rules relaxed, WTR, 2008 <a href=\"https:\/\/www.item.si\/wp-content\/uploads\/2015\/10\/si-domain-name-registration-rules-relaxed.pdf\">[PDF]<\/a><\/li>\n<li>Stricter standard of similarity applies to identical goods, says court, WTR, 2008 <a href=\"https:\/\/www.item.si\/wp-content\/uploads\/2015\/10\/Stricter-standard-of-similarity-applies-to-identical-goods-says-court.pdf\">[PDF]<\/a><\/li>\n<li>SIPO\u2019s request for review rejected by Supreme Court, WTR, 2008 <a href=\"https:\/\/www.item.si\/wp-content\/uploads\/2015\/10\/SIPO-s-request-for-review-rejected-by-Supreme-Court.pdf\">[PDF]<\/a><\/li>\n<li>No likelihood of confusion between TS SLOVENIA and TIS Slovenia, WTR, 2007 <a href=\"https:\/\/www.item.si\/wp-content\/uploads\/2015\/10\/No-likelihood-of-confusion-between-TS-SLOVENIA-and-TIS.pdf\">[PDF]<\/a><\/li>\n<li>Slovenian Intellectual Property Office registers first sound mark, WTR, 2007 <a href=\"https:\/\/www.item.si\/wp-content\/uploads\/2015\/10\/Slovenian-Intellectual-Property-Office-registers-first-sound-mark.pdf\">[PDF]<\/a><\/li>\n<li>MERCATOR opposition refused for the second time, WTR, 2007<\/li>\n<li>\u2018Two Bulls\u2019 design not confusingly similar to RED BULL marks, WTR, 2007 <a href=\"https:\/\/www.item.si\/wp-content\/uploads\/2015\/10\/Two-Bulls-design-not-confusingly-similar-to-RED-BULL-marks.pdf\">[PDF]<\/a><\/li>\n<li>SCARPA not necessarily descriptive, WTR, 2006 <a href=\"https:\/\/www.item.si\/wp-content\/uploads\/2015\/10\/SCARPA-not-necessarily-descriptive.pdf\">[PDF]<\/a><\/li>\n<li>Shape of a bottle registered, WTR, 2006 <a href=\"https:\/\/www.item.si\/wp-content\/uploads\/2015\/10\/Shape-of-a-bottle-registered.pdf\">[PDF]<\/a><\/li>\n<li>Amendments to Industrial Property Act in force, WTR, 2006 <a href=\"https:\/\/www.item.si\/wp-content\/uploads\/2015\/10\/Amendments-to-Industrial-Property-Act-in-force.pdf\">[PDF]<\/a><\/li>\n<li>Company name blocks trademark registration for the first time, WTR, 2006 <a href=\"https:\/\/www.item.si\/wp-content\/uploads\/2015\/10\/Company-name-blocks-trademark-registration-for-the-firs-time.pdf\">[PDF]<\/a><\/li>\n<li>Date of application for extended Community trademarks clarified, WTR, 2005 <a href=\"https:\/\/www.item.si\/wp-content\/uploads\/2015\/10\/Date-of-application-for-extended-Community-trademarks-clarified.pdf\">[PDF]<\/a><\/li>\n<li>SIPO not sold on MERCATOR opposition, WTR, 2004 <a href=\"https:\/\/www.item.si\/wp-content\/uploads\/2015\/10\/SIPO-not-sold-on-MERCATOR-opposition.pdf\">[PDF]<\/a><\/li>\n<li>G-Star loses fight for ELWOOD mark, WTR, 2003 <a href=\"https:\/\/www.item.si\/wp-content\/uploads\/2015\/10\/G-Star-loses-fight-for-ELWOOD-mark.pdf\">[PDF]<\/a><\/li>\n<li>Uveljavitev CTM znamke v Sloveniji, EVRO Pravna Praksa, 2003<\/li>\n<li>Novi zakon o industrijski lastnini, Pravna Praksa, 2001<\/li>\n<li>Imate original?, PROPRO magazine, 2000<\/li>\n<\/ul>\n<h5>Predavanja<\/h5>\n<ul>\n<li>The extension system of European Patents to Slovenia; predavanje v angle\u0161kem jeziku je bilo namenjeno predstavnikom dr\u017eav, ki so se nameravale pridru\u017eiti Evropskemu patentnemu sistemu, Urad RS za intelektualno lastnino, 2000<\/li>\n<li>Spremembe na podro\u010dju znamk ob vstopu Slovenije v EU, Upravnopravna sodni\u0161ka \u0161ola, 2003<\/li>\n<li>Blagovne znamke kot pravni monopol, Formitas &amp; Gea Colleague, 2003, 2004, 2005, 2006, 2007<\/li>\n<li>Intelektualna lastnina \u2013 prakti\u010dni vidiki, Akademija za inovativnost, 2004<\/li>\n<li>Intelektualna lastnina, Patent, Varstvo pravic intelektualne lastnine, Tr\u017eenje pravic intelektualne lastnine; serija predavanj v okviru EU projekta &#8220;Boost-it&#8221; za podjetja v Primorskem tehnolo\u0161kem parku&#8221;, 2006<\/li>\n<\/ul>\n<h5>Nagrade<\/h5>\n<ul>\n<li>Nagrada WTR 1000 za vodilnega strokovnjaka na podro\u010dju blagovnih znamk; 2011\u20132026<\/li>\n<li>WTR globalni vodilni strokovnjak, 2020\u20132025<\/li>\n<li>Nagrada Chambers Europe za vodilnega strokovnjaka na podro\u010dju intelektualne lastnine; 2012\u20132026<\/li>\n<li>Patent star (IP stars) 2023\u20132025<\/li>\n<li>Trademark star (IP stars) 2023\u20132025<\/li>\n<li>Patentni strokovnjak (Patents Expert Guides) 2016\u20132020<\/li>\n<\/ul>\n<h5>Jeziki<\/h5>\n<p>Slovenski, angle\u0161ki, hrva\u0161ki\/srbski\/bosanski<\/p>\n<h5>Interesi<\/h5>\n<p>Jahanje, kolesarjenje<\/p>\n<p>[\/et_pb_team_member][\/et_pb_column][\/et_pb_row][\/et_pb_section]<\/p>\n","protected":false},"excerpt":{"rendered":"<p>E-mail gregor.macek@item.si Delovne in strokovne izku\u0161nje Gregor je diplomiral tako s podro\u010dja elektrotehnike kot tudi s podro\u010dja prava na Univerzi v Ljubljani. Pridru\u017eil se nam je leta 1997 in v letu 2000 prevzel vlogo direktorja. Njegovo obse\u017eno znanje in bogate izku\u0161nje se raztezajo zlasti na podro\u010dja prava znamk, domen, patentov, modelov ter zastopanja strank pred [&hellip;]<\/p>\n","protected":false},"author":1,"featured_media":0,"parent":1082,"menu_order":0,"comment_status":"closed","ping_status":"closed","template":"page-template-blank.php","meta":{"_et_pb_use_builder":"on","_et_pb_old_content":"Managing Partner\r\nLawyer, Patent and Trademark\u00a0Attorney\r\n\r\nE-mail <a href=\"mailto:gregor.macek@item.si\">gregor.macek@item.si<\/a>\r\n<h4>Practice and professional experience<\/h4>\r\nGregor holds a degree in electrical engineering and law, both of the University of Ljubljana. He joined ITEM in 1997 and in 2000 became a managing partner. He has a wide range of experience in both contentious and non-contentious matters especially in the fields of trademarks, domain names, patents and industrial designs. Gregor has been actively involved in preparing amendments to the Industrial Property Act in 2001 and 2006. Gregor has written several articles and lectured on new Slovenian legislation and case law.\r\n<h4>Qualifications<\/h4>\r\nB. Sc. Electronics, University of Ljubljana\r\nLawyer, University of Ljubljana\r\nState Law Exam (Bar Exam)\r\nSlovenian Patent, Design and Trademark Attorney\r\nEuropean Patent Attorney\r\nEUIPO Trademark and Design Attorney\r\n<h4>Memberships<\/h4>\r\n<ul>\r\n\t<li>Board for Patent and Trademark Attorney Qualification Examinations at the Slovenian Intellectual Property Office, member<\/li>\r\n\t<li>European Patent Institute (EPI), Council member, Board member<\/li>\r\n\t<li>Association of Slovenian Patent Attorneys, member<\/li>\r\n\t<li>AIPPI, member<\/li>\r\n\t<li>Mediation Council at the Slovenian Intellectual Property Office, president<\/li>\r\n\t<li>INTA, member<\/li>\r\n\t<li>ECTA, member<\/li>\r\n\t<li>Arbitrator at the Czech Republic the Court of Arbitration for disputes relating to the domains .EU; from 2007<\/li>\r\n\t<li>Deputy of the President of Conciliation Council for resolving disputes between employers and employees in relation to inventions invented during the employment<\/li>\r\n<\/ul>\r\n<h4>Publications<\/h4>\r\n<ul>\r\n\t<li>Manual for the Handling of Applications for Patents, Designs and Trademarks throughout the World (Slovenian section), The Brown Book, 2009-2014 <a class=\"link\" title=\"SIPO held to have committed procedural violation during provisional refusal phase\" href=\"http:\/\/item.internetne-storitve.si\/uploads\/publikacije\/MIP_S159_Slovenia.pdf\">[PDF]<\/a><\/li>\r\n\t<li>Kr\u0161itev mednarodne znamke, Podjetnik, 2014 <a class=\"link\" title=\"SIPO held to have committed procedural violation during provisional refusal phase\" href=\"http:\/\/item.internetne-storitve.si\/uploads\/publikacije\/PODJETNIK_Krsitev_mednarodne_znamke.pdf\">[PDF]<\/a><\/li>\r\n\t<li>Import of infringing goods into EU through Slovenia constitutes infringement, WTR, 2013 <a href=\"http:\/\/item.internetne-storitve.si\/uploads\/publikacije\/Import%20of%20infringing%20goods%20into%20EU%20through%20Slovenia%20constitutes%20infringement-%20WTR-%202013.pdf\">[PDF]<\/a><\/li>\r\n\t<li>SIPO confirms that company name may present obstacle to trademark registration <a href=\"http:\/\/item.internetne-storitve.si\/uploads\/publikacije\/SIPO_confirms_that_company_name_may_present_obstacle_to_trademark_registration.pdf\" target=\"_blank\">[PDF]<\/a><\/li>\r\n\t<li>Enforcement of Intellectual Property Rights through Border Measures (Slovenian section), Oxford University Press, 2006 and 2012<\/li>\r\n\t<li>Average consumer held to be increasingly attentive when buying food products, WTR, 2011 <a href=\"http:\/\/item.internetne-storitve.si\/uploads\/publikacije\/Average%20consumer%20held%20to%20be%20increasingly%20attentive%20when%20buying%20food%20products.pdf\" target=\"_blank\">[PDF]<\/a><\/li>\r\n\t<li>Olympic Committee trips on UNION OLIMPIJA hurdle, WTR, 2009 <a href=\"http:\/\/item.internetne-storitve.si\/uploads\/publikacije\/Olympic%20Committee%20trips%20on%20UNION%20OLIMPIJA%20hurdle.pdf\" target=\"_blank\">[PDF]<\/a><\/li>\r\n\t<li>Registration of sound mark refused based on earlier word mark, WTR, 2009 <a href=\"http:\/\/item.internetne-storitve.si\/uploads\/publikacije\/Registration%20of%20sound%20mark%20refused%20based%20on%20earlier%20word%20mark.pdf\" target=\"_blank\">[PDF]<\/a><\/li>\r\n\t<li>\u2018.si\u2019 domain name registration rules relaxed, WTR, 2008<a href=\"http:\/\/item.internetne-storitve.si\/uploads\/publikacije\/-.si-%20domain%20name%20registration%20rules%20relaxed.pdf\" target=\"_blank\">[PDF]<\/a><\/li>\r\n\t<li>Stricter standard of similarity applies to identical goods, says court, WTR, 2008 <a href=\"http:\/\/item.internetne-storitve.si\/uploads\/publikacije\/Stricter%20standard%20of%20similarity%20applies%20to%20identical%20goods-%20says%20court.pdf\" target=\"_blank\">[PDF]<\/a><\/li>\r\n\t<li>SIPO\u2019s request for review rejected by Supreme Court, WTR, 2008 <a href=\"http:\/\/item.internetne-storitve.si\/uploads\/publikacije\/SIPO-s%20request%20for%20review%20rejected%20by%20Supreme%20Court.pdf\" target=\"_blank\">[PDF]<\/a><\/li>\r\n\t<li>No likelihood of confusion between TS SLOVENIA and TIS Slovenia, WTR, 2007 <a href=\"http:\/\/item.internetne-storitve.si\/uploads\/publikacije\/No%20likelihood%20of%20confusion%20between%20TS%20SLOVENIA%20and%20TIS.pdf\" target=\"_blank\">[PDF]<\/a><\/li>\r\n\t<li>Slovenian Intellectual Property Office registers first sound mark, WTR, 2007 <a href=\"http:\/\/item.internetne-storitve.si\/uploads\/publikacije\/Slovenian%20Intellectual%20Property%20Office%20registers%20first%20sound%20mark.pdf\" target=\"_blank\">[PDF]<\/a><\/li>\r\n\t<li>MERCATOR opposition refused for the second time, WTR, 2007<\/li>\r\n\t<li>\u2018Two Bulls\u2019 design not confusingly similar to RED BULL marks, WTR, 2007 <a href=\"http:\/\/item.internetne-storitve.si\/uploads\/publikacije\/-Two%20Bulls-%20design%20not%20confusingly%20similar%20to%20RED%20BULL%20marks.pdf\" target=\"_blank\">[PDF]<\/a><\/li>\r\n\t<li>SCARPA not necessarily descriptive, WTR, 2006 <a href=\"http:\/\/item.internetne-storitve.si\/uploads\/publikacije\/SCARPA%20not%20necessarily%20descriptive.pdf\" target=\"_blank\">[PDF]<\/a><\/li>\r\n\t<li>Shape of a bottle registered, WTR, 2006 <a href=\"http:\/\/item.internetne-storitve.si\/uploads\/publikacije\/Shape%20of%20a%20bottle%20registered.pdf\" target=\"_blank\">[PDF]<\/a><\/li>\r\n\t<li>Amendments to Industrial Property Act in force, WTR, 2006<a href=\"http:\/\/item.internetne-storitve.si\/uploads\/publikacije\/Amendments%20to%20Industrial%20Property%20Act%20in%20force.pdf\" target=\"_blank\">[PDF]<\/a><\/li>\r\n\t<li>Company name blocks trademark registration for the first time, WTR, 2006 <a href=\"http:\/\/item.internetne-storitve.si\/uploads\/publikacije\/Company%20name%20blocks%20trademark%20registration%20for%20the%20firs%20time.pdf\" target=\"_blank\">[PDF]<\/a><\/li>\r\n\t<li>Date of application for extended Community trademarks clarified, WTR, 2005 <a href=\"http:\/\/item.internetne-storitve.si\/uploads\/publikacije\/Date%20of%20application%20for%20extended%20Community%20trademarks%20clarified.pdf\" target=\"_blank\">[PDF]<\/a><\/li>\r\n\t<li>SIPO not sold on MERCATOR opposition, WTR, 2004<a href=\"http:\/\/item.internetne-storitve.si\/uploads\/publikacije\/SIPO%20not%20sold%20on%20MERCATOR%20opposition.pdf\" target=\"_blank\">[PDF]<\/a><\/li>\r\n\t<li>G-Star loses fight for ELWOOD mark, WTR, 2003 <a href=\"http:\/\/item.internetne-storitve.si\/uploads\/publikacije\/G-Star%20loses%20fight%20for%20ELWOOD%20mark.pdf\" target=\"_blank\">[PDF]<\/a><\/li>\r\n\t<li>Uveljavitev CTM znamke v Sloveniji, EVRO Pravna Praksa, 2003<\/li>\r\n\t<li>Novi zakon o industrijski lastnini, Pravna Praksa, 2001<\/li>\r\n\t<li>Imate original?, PROPRO magazine,\u00a0 2000<\/li>\r\n<\/ul>\r\n<h4>Lectures<\/h4>\r\n<ul>\r\n\t<li>The extension system of European Patents to Slovenia; predavanje v angle\u0161kem jeziku je bilo namenjeno predstavnikom dr\u017eav, ki so se nameravale pridru\u017eiti Evropskemu patentnemu sistemu, Urad RS za intelektualno lastnino, 2000<\/li>\r\n\t<li>Spremembe na podro\u010dju znamk ob vstopu Slovenije v EU, Upravnopravna sodni\u0161ka \u0161ola, 2003<\/li>\r\n\t<li>Blagovne znamke kot pravni monopol, Formitas & Gea Colleague, 2003, 2004, 2005, 2006, 2007<\/li>\r\n\t<li>Intelektualna lastnina \u2013 prakti\u010dni vidiki, Akademija za inovativnost, 2004<\/li>\r\n\t<li>Intelektualna lastnina, Patent, Varstvo pravic intelektualne lastnine, Tr\u017eenje pravic intelektualne lastnine; serija predavanj v okviru EU projekta \"Boost-it\" za podjetja v Primorskem tehnolo\u0161kem parku\", 2006<\/li>\r\n<\/ul>\r\n<h4>Awards<\/h4>\r\n<ul>\r\n\t<li>Recomended Individual by WTR 1000; 2011 - 2014<\/li>\r\n\t<li>Leading Individual by Chambers Europe; 2012 \u00ad - 2014<\/li>\r\n<\/ul>\r\n<h4>Languages<\/h4>\r\nSlovenian, English, Croatian\/Serbian\/Bosnian\r\n<h4>Personal Interests<\/h4>\r\nHorseback riding, Cycling","_et_gb_content_width":"","footnotes":""},"class_list":["post-1115","page","type-page","status-publish","hentry"],"_links":{"self":[{"href":"https:\/\/www.item.si\/sl\/wp-json\/wp\/v2\/pages\/1115","targetHints":{"allow":["GET"]}}],"collection":[{"href":"https:\/\/www.item.si\/sl\/wp-json\/wp\/v2\/pages"}],"about":[{"href":"https:\/\/www.item.si\/sl\/wp-json\/wp\/v2\/types\/page"}],"author":[{"embeddable":true,"href":"https:\/\/www.item.si\/sl\/wp-json\/wp\/v2\/users\/1"}],"replies":[{"embeddable":true,"href":"https:\/\/www.item.si\/sl\/wp-json\/wp\/v2\/comments?post=1115"}],"version-history":[{"count":31,"href":"https:\/\/www.item.si\/sl\/wp-json\/wp\/v2\/pages\/1115\/revisions"}],"predecessor-version":[{"id":15925,"href":"https:\/\/www.item.si\/sl\/wp-json\/wp\/v2\/pages\/1115\/revisions\/15925"}],"up":[{"embeddable":true,"href":"https:\/\/www.item.si\/sl\/wp-json\/wp\/v2\/pages\/1082"}],"wp:attachment":[{"href":"https:\/\/www.item.si\/sl\/wp-json\/wp\/v2\/media?parent=1115"}],"curies":[{"name":"wp","href":"https:\/\/api.w.org\/{rel}","templated":true}]}}