{"id":1107,"date":"2017-12-13T12:35:22","date_gmt":"2017-12-13T11:35:22","guid":{"rendered":"http:\/\/www.item.si\/?page_id=1107"},"modified":"2023-03-16T10:38:32","modified_gmt":"2023-03-16T09:38:32","slug":"tatjana-jersan","status":"publish","type":"page","link":"https:\/\/www.item.si\/sl\/o-nas\/tatjana-jersan\/","title":{"rendered":"Tatjana Jer\u0161an"},"content":{"rendered":"<p>[et_pb_section fb_built=&#8221;1&#8243; custom_padding_last_edited=&#8221;on|desktop&#8221; admin_label=&#8221;section&#8221; _builder_version=&#8221;4.16&#8243; background_color=&#8221;rgba(255,255,255,0)&#8221; custom_padding_tablet=&#8221;50px|0|50px|0&#8243; custom_padding_phone=&#8221;&#8221; transparent_background=&#8221;on&#8221; padding_mobile=&#8221;off&#8221; make_fullwidth=&#8221;off&#8221; use_custom_width=&#8221;off&#8221; width_unit=&#8221;on&#8221; global_colors_info=&#8221;{}&#8221;][et_pb_row admin_label=&#8221;row&#8221; _builder_version=&#8221;4.16&#8243; background_size=&#8221;initial&#8221; background_position=&#8221;top_left&#8221; background_repeat=&#8221;repeat&#8221; global_colors_info=&#8221;{}&#8221;][et_pb_column type=&#8221;4_4&#8243; _builder_version=&#8221;4.16&#8243; custom_padding=&#8221;|||&#8221; global_colors_info=&#8221;{}&#8221; custom_padding__hover=&#8221;|||&#8221;][et_pb_team_member name=&#8221;Tatjana Jer\u0161an&#8221; position=&#8221;Evropska patentna zastopnica &#8221; image_url=&#8221;https:\/\/www.item.si\/wp-content\/uploads\/2015\/10\/tatjana_jersan_250.jpg&#8221; admin_label=&#8221;Tatjana Jer\u0161an&#8221; _builder_version=&#8221;4.20.2&#8243; animation=&#8221;left&#8221; hover_enabled=&#8221;0&#8243; border_color_all=&#8221;#ffffff&#8221; use_border_color=&#8221;off&#8221; global_colors_info=&#8221;{}&#8221; sticky_enabled=&#8221;0&#8243;]<\/p>\n<p>E-mail <a href=\"mailto:tatjana.jersan@item.si\">tatjana.jersan(at)item.si<\/a><\/p>\n<h5>Delovne in strokovne izku\u0161nje<\/h5>\n<p>Tatjana je svoje prve delovne izku\u0161nje nabirala v podjetjih Iskra Mikroelekrtonika in Izolirka Piroterm. Od leta 1995 pa do za\u010detka leta 2012, ko se nam je pridru\u017eila, je bila Tatjana zaposlena na Uradu RS za intelektualno lastnino (URSIL) kot patentna preizku\u0161evalka.<br \/>V 17 letih dela na URSIL je tako pridobila bogato znanje in izku\u0161nje s podro\u010dja intelektualne lastnine. Izku\u0161nje in znanje segajo predvsem na podro\u010dje patentnega varstva, tako glede nacionalne za\u0161\u010dite, kot tudi glede mednarodne za\u0161\u010dite, saj je bila na URSILu med drugim zadol\u017eena tudi za mednarodne patentne prijave slovenskih prijaviteljev. Kot predstavnica URSILa je aktivno sodelovala v raznih mednarodnih delovnih skupinah v okviru WIPO in EPO (za reformo mednarodne patentne klasifikacije, za reformo PCT sistema, uporaba EPOQUE). Od leta 2008 je na URSILu vodila tudi projekt svetovanja malim in srednjim podjetjem v zvezi z ustrezno za\u0161\u010dito njihove intelektualne lastnine. Tatjanino sedanje delo vklju\u010duje svetovanje strankam in njihovo zastopanje pri postopkih za pridobitev patentnega varstva, pripravljanje in vlaganje patentnih prijav in opravljanje poizvedb s patentnega podro\u010dja. V letu 2017 je pred Evropskim patentnim uradom opravila izpit za evropskega patentnega zastopnika (European Qualifying Examination).<\/p>\n<h5>Izobra\u017eevanje in usposabljanje<\/h5>\n<ul>\n<li>Univ. dipl. in\u017e. kem. tehn., Univerza v Ljubljani<\/li>\n<li>Strokovni izpit iz Zakona o splo\u0161nem upravnem postopku<\/li>\n<li>Evropska patentna zastopnica<\/li>\n<li>Zastopnica za patente, znamke in modele pri Slovenskemu uradu za intelektualno lastnino (SIPO)<\/li>\n<li>Zastopnica za znamke in modele pri Uradu EU za intelektualno lastnino (EUIPO)<\/li>\n<li>Seminarji za patentne preizku\u0161evalce, ki jih je organiziral Evropski patentni urad v okviru Evropske Patentne Akademije (Search and Examination with Focus on Chemistry, Patent Documentation and Classification, Drafting of Search Report and Written Opinion, Formalities and Receiving Section, Supplementary Protection Certificates, Drafting of Patent Application)<\/li>\n<\/ul>\n<h5>\u010clanstva<\/h5>\n<ul>\n<li>Komisija za strokovne izpite za pridobitev naziva zastopnika za znamke in patente pri Uradu RS za intelektualno lastnino, \u010dlan (trenutno ne ve\u010d)<\/li>\n<li>Zdru\u017eenje slovenskih zastopnikov za intelektualno lastnino, \u010dlan nadzornega odbora<\/li>\n<li>Evropski patentni in\u0161titut (EPI), \u010dlan<\/li>\n<\/ul>\n<h5>Objave<\/h5>\n<ul>\n<li>European SPCs Unravelled: A Practitioner&#8217;s Guide to Supplementary Certificates in Europe&#8221; (Slovenian section), 2020-2022<\/li>\n<li>Manual for the Handling of Applications for Patents, Designs and Trademarks throughout the World (Slovenian section), The Brown Book, 2009-2022<\/li>\n<\/ul>\n<h5>Predavanja<\/h5>\n<ul>\n<li>Delavnice in seminarji za \u0161tudente in mlade raziskovalce v organizaciji Univerze v Ljubljani (Ljubljanski univerzitetni inkubator), Evropskega zdru\u017eenja \u0161tudentov prava, Skupine TT, URSILa<\/li>\n<li>Izobra\u017eevanja in predavanja za podjetnike v organizaciji Agencije Poti, URSILa, Primorskega inkubatorja, LOS in MOS<\/li>\n<li>Mednarodna delavnica za podjetnike v organizaciji Patlib konference<\/li>\n<\/ul>\n<h5>Jeziki<\/h5>\n<p>Slovenski, angle\u0161ki, hrva\u0161ki\/srbski\/bosanski<\/p>\n<h5>Interesi<\/h5>\n<p>Smu\u010danje, jazz balet<\/p>\n<p>[\/et_pb_team_member][\/et_pb_column][\/et_pb_row][\/et_pb_section]<\/p>\n","protected":false},"excerpt":{"rendered":"<p>E-mail tatjana.jersan(at)item.si Delovne in strokovne izku\u0161nje Tatjana je svoje prve delovne izku\u0161nje nabirala v podjetjih Iskra Mikroelekrtonika in Izolirka Piroterm. Od leta 1995 pa do za\u010detka leta 2012, ko se nam je pridru\u017eila, je bila Tatjana zaposlena na Uradu RS za intelektualno lastnino (URSIL) kot patentna preizku\u0161evalka.V 17 letih dela na URSIL je tako pridobila [&hellip;]<\/p>\n","protected":false},"author":1,"featured_media":0,"parent":1082,"menu_order":0,"comment_status":"closed","ping_status":"closed","template":"page-template-blank.php","meta":{"_et_pb_use_builder":"on","_et_pb_old_content":"","_et_gb_content_width":"","footnotes":""},"class_list":["post-1107","page","type-page","status-publish","hentry"],"_links":{"self":[{"href":"https:\/\/www.item.si\/sl\/wp-json\/wp\/v2\/pages\/1107","targetHints":{"allow":["GET"]}}],"collection":[{"href":"https:\/\/www.item.si\/sl\/wp-json\/wp\/v2\/pages"}],"about":[{"href":"https:\/\/www.item.si\/sl\/wp-json\/wp\/v2\/types\/page"}],"author":[{"embeddable":true,"href":"https:\/\/www.item.si\/sl\/wp-json\/wp\/v2\/users\/1"}],"replies":[{"embeddable":true,"href":"https:\/\/www.item.si\/sl\/wp-json\/wp\/v2\/comments?post=1107"}],"version-history":[{"count":8,"href":"https:\/\/www.item.si\/sl\/wp-json\/wp\/v2\/pages\/1107\/revisions"}],"predecessor-version":[{"id":9475,"href":"https:\/\/www.item.si\/sl\/wp-json\/wp\/v2\/pages\/1107\/revisions\/9475"}],"up":[{"embeddable":true,"href":"https:\/\/www.item.si\/sl\/wp-json\/wp\/v2\/pages\/1082"}],"wp:attachment":[{"href":"https:\/\/www.item.si\/sl\/wp-json\/wp\/v2\/media?parent=1107"}],"curies":[{"name":"wp","href":"https:\/\/api.w.org\/{rel}","templated":true}]}}