{"id":1105,"date":"2017-12-13T11:42:15","date_gmt":"2017-12-13T10:42:15","guid":{"rendered":"http:\/\/www.item.si\/?page_id=1105"},"modified":"2023-06-10T19:41:14","modified_gmt":"2023-06-10T17:41:14","slug":"natasa-cerne","status":"publish","type":"page","link":"https:\/\/www.item.si\/sl\/o-nas\/natasa-cerne\/","title":{"rendered":"Nata\u0161a \u010cerne Horvat"},"content":{"rendered":"<p>[et_pb_section fb_built=&#8221;1&#8243; custom_padding_last_edited=&#8221;on|desktop&#8221; admin_label=&#8221;section&#8221; _builder_version=&#8221;4.16&#8243; background_color=&#8221;rgba(255,255,255,0)&#8221; custom_padding_tablet=&#8221;50px|0|50px|0&#8243; custom_padding_phone=&#8221;&#8221; transparent_background=&#8221;on&#8221; padding_mobile=&#8221;off&#8221; make_fullwidth=&#8221;off&#8221; use_custom_width=&#8221;off&#8221; width_unit=&#8221;on&#8221; global_colors_info=&#8221;{}&#8221;][et_pb_row admin_label=&#8221;row&#8221; _builder_version=&#8221;4.16&#8243; background_size=&#8221;initial&#8221; background_position=&#8221;top_left&#8221; background_repeat=&#8221;repeat&#8221; global_colors_info=&#8221;{}&#8221;][et_pb_column type=&#8221;4_4&#8243; _builder_version=&#8221;4.16&#8243; custom_padding=&#8221;|||&#8221; global_colors_info=&#8221;{}&#8221; custom_padding__hover=&#8221;|||&#8221;][et_pb_team_member name=&#8221;Nata\u0161a \u010cerne Horvat&#8221; position=&#8221;Administrativni vodja pisarne&#8221; image_url=&#8221;https:\/\/www.item.si\/wp-content\/uploads\/2023\/06\/NatasaCerne-1-1-02.jpeg&#8221; admin_label=&#8221;Nata\u0161a \u010cerne Horvat&#8221; _builder_version=&#8221;4.21.0&#8243; animation=&#8221;left&#8221; z_index_tablet=&#8221;500&#8243; use_border_color=&#8221;off&#8221; global_colors_info=&#8221;{}&#8221;]<\/p>\n<p>E-mail <a href=\"mailto:jasna.habic@item.si\">natasa.cerne(at)item.si<\/a><\/p>\n<h5>Delovne in strokovne izku\u0161nje<\/h5>\n<p>Nata\u0161a je postala del ITEM ekipe v letu 2023. Po ve\u010d kot 20 let delovnih izku\u0161enj iz administracije se nam je pridu\u017eila kot vodja pisarne.<\/p>\n<h5>Izobra\u017eevanje in usposabljanje<\/h5>\n<ul>\n<li>Gimnazija Ledina<\/li>\n<\/ul>\n<h5>Jeziki<\/h5>\n<p>Slovenski, angle\u0161ki, nem\u0161ki, hrva\u0161ki\/srbski\/bosanski<\/p>\n<h5>Interesi<\/h5>\n<p>Smu\u010danje, pohodni\u0161tvo, badminton, branje<\/p>\n<p>[\/et_pb_team_member][\/et_pb_column][\/et_pb_row][\/et_pb_section]<\/p>\n","protected":false},"excerpt":{"rendered":"<p>E-mail natasa.cerne(at)item.si Delovne in strokovne izku\u0161nje Nata\u0161a je postala del ITEM ekipe v letu 2023. Po ve\u010d kot 20 let delovnih izku\u0161enj iz administracije se nam je pridu\u017eila kot vodja pisarne. Izobra\u017eevanje in usposabljanje Gimnazija Ledina Jeziki Slovenski, angle\u0161ki, nem\u0161ki, hrva\u0161ki\/srbski\/bosanski Interesi Smu\u010danje, pohodni\u0161tvo, badminton, branje<\/p>\n","protected":false},"author":1,"featured_media":0,"parent":1082,"menu_order":0,"comment_status":"closed","ping_status":"closed","template":"page-template-blank.php","meta":{"_et_pb_use_builder":"on","_et_pb_old_content":"","_et_gb_content_width":"","footnotes":""},"class_list":["post-1105","page","type-page","status-publish","hentry"],"_links":{"self":[{"href":"https:\/\/www.item.si\/sl\/wp-json\/wp\/v2\/pages\/1105","targetHints":{"allow":["GET"]}}],"collection":[{"href":"https:\/\/www.item.si\/sl\/wp-json\/wp\/v2\/pages"}],"about":[{"href":"https:\/\/www.item.si\/sl\/wp-json\/wp\/v2\/types\/page"}],"author":[{"embeddable":true,"href":"https:\/\/www.item.si\/sl\/wp-json\/wp\/v2\/users\/1"}],"replies":[{"embeddable":true,"href":"https:\/\/www.item.si\/sl\/wp-json\/wp\/v2\/comments?post=1105"}],"version-history":[{"count":13,"href":"https:\/\/www.item.si\/sl\/wp-json\/wp\/v2\/pages\/1105\/revisions"}],"predecessor-version":[{"id":10209,"href":"https:\/\/www.item.si\/sl\/wp-json\/wp\/v2\/pages\/1105\/revisions\/10209"}],"up":[{"embeddable":true,"href":"https:\/\/www.item.si\/sl\/wp-json\/wp\/v2\/pages\/1082"}],"wp:attachment":[{"href":"https:\/\/www.item.si\/sl\/wp-json\/wp\/v2\/media?parent=1105"}],"curies":[{"name":"wp","href":"https:\/\/api.w.org\/{rel}","templated":true}]}}