{"id":1101,"date":"2017-12-13T11:30:27","date_gmt":"2017-12-13T10:30:27","guid":{"rendered":"http:\/\/www.item.si\/?page_id=1101"},"modified":"2023-03-16T10:30:18","modified_gmt":"2023-03-16T09:30:18","slug":"duska-erjavec","status":"publish","type":"page","link":"https:\/\/www.item.si\/sl\/o-nas\/duska-erjavec\/","title":{"rendered":"Du\u0161ka Erjavec"},"content":{"rendered":"<p>[et_pb_section fb_built=&#8221;1&#8243; custom_padding_last_edited=&#8221;on|desktop&#8221; admin_label=&#8221;section&#8221; _builder_version=&#8221;4.16&#8243; background_color=&#8221;rgba(255,255,255,0)&#8221; custom_padding_tablet=&#8221;50px|0|50px|0&#8243; custom_padding_phone=&#8221;&#8221; transparent_background=&#8221;on&#8221; padding_mobile=&#8221;off&#8221; make_fullwidth=&#8221;off&#8221; use_custom_width=&#8221;off&#8221; width_unit=&#8221;on&#8221; global_colors_info=&#8221;{}&#8221;][et_pb_row _builder_version=&#8221;4.16&#8243; background_size=&#8221;initial&#8221; background_position=&#8221;top_left&#8221; background_repeat=&#8221;repeat&#8221; global_colors_info=&#8221;{}&#8221;][et_pb_column type=&#8221;4_4&#8243; _builder_version=&#8221;4.16&#8243; custom_padding=&#8221;|||&#8221; global_colors_info=&#8221;{}&#8221; custom_padding__hover=&#8221;|||&#8221;][et_pb_team_member name=&#8221;Du\u0161ka Erjavec&#8221; position=&#8221;Svetovalka za znamke &#8221; image_url=&#8221;https:\/\/www.item.si\/wp-content\/uploads\/2015\/10\/duska_erjavec_250.jpg&#8221; admin_label=&#8221;Du\u0161ka Erjavec&#8221; _builder_version=&#8221;4.20.2&#8243; animation=&#8221;left&#8221; z_index_tablet=&#8221;500&#8243; position_text_shadow_horizontal_length_tablet=&#8221;0px&#8221; position_text_shadow_vertical_length_tablet=&#8221;0px&#8221; position_text_shadow_blur_strength_tablet=&#8221;1px&#8221; body_link_text_shadow_horizontal_length_tablet=&#8221;0px&#8221; body_link_text_shadow_vertical_length_tablet=&#8221;0px&#8221; body_link_text_shadow_blur_strength_tablet=&#8221;1px&#8221; body_ul_text_shadow_horizontal_length_tablet=&#8221;0px&#8221; body_ul_text_shadow_vertical_length_tablet=&#8221;0px&#8221; body_ul_text_shadow_blur_strength_tablet=&#8221;1px&#8221; body_ol_text_shadow_horizontal_length_tablet=&#8221;0px&#8221; body_ol_text_shadow_vertical_length_tablet=&#8221;0px&#8221; body_ol_text_shadow_blur_strength_tablet=&#8221;1px&#8221; body_quote_text_shadow_horizontal_length_tablet=&#8221;0px&#8221; body_quote_text_shadow_vertical_length_tablet=&#8221;0px&#8221; body_quote_text_shadow_blur_strength_tablet=&#8221;1px&#8221; box_shadow_horizontal_tablet=&#8221;0px&#8221; box_shadow_vertical_tablet=&#8221;0px&#8221; box_shadow_blur_tablet=&#8221;40px&#8221; box_shadow_spread_tablet=&#8221;0px&#8221; box_shadow_horizontal_image_tablet=&#8221;0px&#8221; box_shadow_vertical_image_tablet=&#8221;0px&#8221; box_shadow_blur_image_tablet=&#8221;40px&#8221; box_shadow_spread_image_tablet=&#8221;0px&#8221; use_border_color=&#8221;off&#8221; global_colors_info=&#8221;{}&#8221;]<\/p>\n<p>E-mail <a href=\"mailto:duska.erjavec@item.si\">duska.erjavec(at)item.si<\/a><\/p>\n<h5>Delovne in strokovne izku\u0161nje<\/h5>\n<p>Du\u0161ka je na\u0161a svetovalka za znamke, ki je pri\u010dela pridobivati izku\u0161nje na teh podro\u010djih leta 2005. Njeno delo obsega vse potrebne korake v postopkih prijave, registracije in obnove veljavnosti znamke ter upravljanje portfeljev znamk.<\/p>\n<h5>Izobra\u017eevanje in usposabljanje<\/h5>\n<ul>\n<li>Vi\u0161ja strokovna \u0161ola za gostinstvo in turizem Bled<\/li>\n<\/ul>\n<h5>Objave<\/h5>\n<ul>\n<li>IDNs to be launched under \u2018.si\u2019 extension, WTR, 2010<a href=\"https:\/\/www.item.si\/wp-content\/uploads\/2015\/10\/IDNs-to-be-launched-under-.si-extension.pdf\">[PDF]<\/a><\/li>\n<\/ul>\n<h5>Jeziki<\/h5>\n<p>Slovenski, angle\u0161ki, hrva\u0161ki\/srbski\/bosanski<\/p>\n<h5>Interesi<\/h5>\n<p>Branje, kolesarjenje, tek, glasba, filmi<\/p>\n<p>[\/et_pb_team_member][\/et_pb_column][\/et_pb_row][\/et_pb_section]<\/p>\n","protected":false},"excerpt":{"rendered":"<p>E-mail duska.erjavec(at)item.si Delovne in strokovne izku\u0161nje Du\u0161ka je na\u0161a svetovalka za znamke, ki je pri\u010dela pridobivati izku\u0161nje na teh podro\u010djih leta 2005. Njeno delo obsega vse potrebne korake v postopkih prijave, registracije in obnove veljavnosti znamke ter upravljanje portfeljev znamk. Izobra\u017eevanje in usposabljanje Vi\u0161ja strokovna \u0161ola za gostinstvo in turizem Bled Objave IDNs to be [&hellip;]<\/p>\n","protected":false},"author":1,"featured_media":0,"parent":1082,"menu_order":0,"comment_status":"closed","ping_status":"closed","template":"page-template-blank.php","meta":{"_et_pb_use_builder":"on","_et_pb_old_content":"","_et_gb_content_width":"","footnotes":""},"class_list":["post-1101","page","type-page","status-publish","hentry"],"_links":{"self":[{"href":"https:\/\/www.item.si\/sl\/wp-json\/wp\/v2\/pages\/1101","targetHints":{"allow":["GET"]}}],"collection":[{"href":"https:\/\/www.item.si\/sl\/wp-json\/wp\/v2\/pages"}],"about":[{"href":"https:\/\/www.item.si\/sl\/wp-json\/wp\/v2\/types\/page"}],"author":[{"embeddable":true,"href":"https:\/\/www.item.si\/sl\/wp-json\/wp\/v2\/users\/1"}],"replies":[{"embeddable":true,"href":"https:\/\/www.item.si\/sl\/wp-json\/wp\/v2\/comments?post=1101"}],"version-history":[{"count":6,"href":"https:\/\/www.item.si\/sl\/wp-json\/wp\/v2\/pages\/1101\/revisions"}],"predecessor-version":[{"id":9466,"href":"https:\/\/www.item.si\/sl\/wp-json\/wp\/v2\/pages\/1101\/revisions\/9466"}],"up":[{"embeddable":true,"href":"https:\/\/www.item.si\/sl\/wp-json\/wp\/v2\/pages\/1082"}],"wp:attachment":[{"href":"https:\/\/www.item.si\/sl\/wp-json\/wp\/v2\/media?parent=1101"}],"curies":[{"name":"wp","href":"https:\/\/api.w.org\/{rel}","templated":true}]}}