{"id":1097,"date":"2017-12-13T11:10:32","date_gmt":"2017-12-13T10:10:32","guid":{"rendered":"http:\/\/www.item.si\/?page_id=1097"},"modified":"2026-01-08T12:24:11","modified_gmt":"2026-01-08T11:24:11","slug":"nina-gorenc","status":"publish","type":"page","link":"https:\/\/www.item.si\/sl\/o-nas\/nina-gorenc\/","title":{"rendered":"Nina Gorenc"},"content":{"rendered":"<p>[et_pb_section fb_built=&#8221;1&#8243; custom_padding_last_edited=&#8221;on|desktop&#8221; admin_label=&#8221;section&#8221; _builder_version=&#8221;4.16&#8243; background_color=&#8221;rgba(255,255,255,0)&#8221; custom_padding_tablet=&#8221;50px|0|50px|0&#8243; custom_padding_phone=&#8221;&#8221; transparent_background=&#8221;on&#8221; padding_mobile=&#8221;off&#8221; make_fullwidth=&#8221;off&#8221; use_custom_width=&#8221;off&#8221; width_unit=&#8221;on&#8221; global_colors_info=&#8221;{}&#8221;][et_pb_row admin_label=&#8221;row&#8221; _builder_version=&#8221;4.16&#8243; background_size=&#8221;initial&#8221; background_position=&#8221;top_left&#8221; background_repeat=&#8221;repeat&#8221; global_colors_info=&#8221;{}&#8221;][et_pb_column type=&#8221;4_4&#8243; _builder_version=&#8221;4.16&#8243; custom_padding=&#8221;|||&#8221; global_colors_info=&#8221;{}&#8221; custom_padding__hover=&#8221;|||&#8221;][et_pb_team_member name=&#8221;Nina Gorenc&#8221; position=&#8221;Svetovalka za patente&#8221; image_url=&#8221;https:\/\/www.item.si\/wp-content\/uploads\/2015\/10\/nina_gorenc_250.jpg&#8221; admin_label=&#8221;Nina Gorenc&#8221; _builder_version=&#8221;4.27.5&#8243; animation=&#8221;left&#8221; hover_enabled=&#8221;0&#8243; z_index_tablet=&#8221;500&#8243; border_color_all=&#8221;#ffffff&#8221; use_border_color=&#8221;off&#8221; global_colors_info=&#8221;{}&#8221; sticky_enabled=&#8221;0&#8243;]<\/p>\n<p>E-mail <a href=\"mailto:nina.gorenc@item.si\">nina.gorenc(at)item.si<\/a><\/p>\n<h5>Delovne in strokovne izku\u0161nje<\/h5>\n<p>Nina se nam je pridru\u017eila leta 2005 kot \u0161tudentka Fakultete za dru\u017ebene vede v Ljubljani. Po diplomi leta 2008 se je pri nas redno zaposlila in vse odtlej pridobivala delovne izku\u0161nje na podro\u010dju intelektualne lastnine. Kot svetovalka za patente skrbi za uveljavitev evropskih patentov v Sloveniji in na Balkanu in upravljanje portfeljev patentov.<\/p>\n<h5>Izobra\u017eevanje in usposabljanje<\/h5>\n<ul>\n<li>Univ. dipl. kult., Univerza v Ljubljani<\/li>\n<\/ul>\n<h5>Jeziki<\/h5>\n<p>Slovenski, angle\u0161ki, hrva\u0161ki\/srbski\/bosanski<\/p>\n<h5>Interesi<\/h5>\n<p>Potovanja, tenis, plezanje<\/p>\n<p>[\/et_pb_team_member][\/et_pb_column][\/et_pb_row][\/et_pb_section]<\/p>\n","protected":false},"excerpt":{"rendered":"<p>E-mail nina.gorenc(at)item.si Delovne in strokovne izku\u0161nje Nina se nam je pridru\u017eila leta 2005 kot \u0161tudentka Fakultete za dru\u017ebene vede v Ljubljani. Po diplomi leta 2008 se je pri nas redno zaposlila in vse odtlej pridobivala delovne izku\u0161nje na podro\u010dju intelektualne lastnine. Kot svetovalka za patente skrbi za uveljavitev evropskih patentov v Sloveniji in na Balkanu [&hellip;]<\/p>\n","protected":false},"author":1,"featured_media":0,"parent":1082,"menu_order":0,"comment_status":"closed","ping_status":"closed","template":"page-template-blank.php","meta":{"_et_pb_use_builder":"on","_et_pb_old_content":"","_et_gb_content_width":"","footnotes":""},"class_list":["post-1097","page","type-page","status-publish","hentry"],"_links":{"self":[{"href":"https:\/\/www.item.si\/sl\/wp-json\/wp\/v2\/pages\/1097","targetHints":{"allow":["GET"]}}],"collection":[{"href":"https:\/\/www.item.si\/sl\/wp-json\/wp\/v2\/pages"}],"about":[{"href":"https:\/\/www.item.si\/sl\/wp-json\/wp\/v2\/types\/page"}],"author":[{"embeddable":true,"href":"https:\/\/www.item.si\/sl\/wp-json\/wp\/v2\/users\/1"}],"replies":[{"embeddable":true,"href":"https:\/\/www.item.si\/sl\/wp-json\/wp\/v2\/comments?post=1097"}],"version-history":[{"count":14,"href":"https:\/\/www.item.si\/sl\/wp-json\/wp\/v2\/pages\/1097\/revisions"}],"predecessor-version":[{"id":15734,"href":"https:\/\/www.item.si\/sl\/wp-json\/wp\/v2\/pages\/1097\/revisions\/15734"}],"up":[{"embeddable":true,"href":"https:\/\/www.item.si\/sl\/wp-json\/wp\/v2\/pages\/1082"}],"wp:attachment":[{"href":"https:\/\/www.item.si\/sl\/wp-json\/wp\/v2\/media?parent=1097"}],"curies":[{"name":"wp","href":"https:\/\/api.w.org\/{rel}","templated":true}]}}