{"id":1082,"date":"2017-12-13T10:00:52","date_gmt":"2017-12-13T09:00:52","guid":{"rendered":"http:\/\/www.item.si\/?page_id=1082"},"modified":"2025-10-24T09:17:29","modified_gmt":"2025-10-24T07:17:29","slug":"o-nas","status":"publish","type":"page","link":"https:\/\/www.item.si\/sl\/o-nas\/","title":{"rendered":"O nas"},"content":{"rendered":"<p>[et_pb_section fb_built=&#8221;1&#8243; fullwidth=&#8221;on&#8221; _builder_version=&#8221;4.16&#8243; background_color=&#8221;#1480b1&#8243; background_image=&#8221;https:\/\/www.item.si\/wp-content\/uploads\/2015\/10\/header_bckg_drawing.jpg&#8221; custom_padding=&#8221;40px||30px|&#8221; custom_padding_tablet=&#8221;40px||30px|&#8221; transparent_background=&#8221;off&#8221; padding_mobile=&#8221;on&#8221; make_fullwidth=&#8221;off&#8221; use_custom_width=&#8221;off&#8221; width_unit=&#8221;on&#8221; global_colors_info=&#8221;{}&#8221;][et_pb_fullwidth_header title=&#8221;O nas&#8221; subhead=&#8221;Verjamemo, da prav na\u0161e podrobno razumevanje podro\u010dja industrijske lastnine obrodi najbolj\u0161e re\u0161itve za na\u0161e stranke. &#8221; admin_label=&#8221;About Us&#8221; _builder_version=&#8221;4.16&#8243; background_color=&#8221;rgba(255, 255, 255, 0)&#8221; global_colors_info=&#8221;{}&#8221; button_one_text_size__hover_enabled=&#8221;off&#8221; button_one_text_size__hover=&#8221;null&#8221; button_two_text_size__hover_enabled=&#8221;off&#8221; button_two_text_size__hover=&#8221;null&#8221; button_one_text_color__hover_enabled=&#8221;off&#8221; button_one_text_color__hover=&#8221;null&#8221; button_two_text_color__hover_enabled=&#8221;off&#8221; button_two_text_color__hover=&#8221;null&#8221; button_one_border_width__hover_enabled=&#8221;off&#8221; button_one_border_width__hover=&#8221;null&#8221; button_two_border_width__hover_enabled=&#8221;off&#8221; button_two_border_width__hover=&#8221;null&#8221; button_one_border_color__hover_enabled=&#8221;off&#8221; button_one_border_color__hover=&#8221;null&#8221; button_two_border_color__hover_enabled=&#8221;off&#8221; button_two_border_color__hover=&#8221;null&#8221; button_one_border_radius__hover_enabled=&#8221;off&#8221; button_one_border_radius__hover=&#8221;null&#8221; button_two_border_radius__hover_enabled=&#8221;off&#8221; button_two_border_radius__hover=&#8221;null&#8221; button_one_letter_spacing__hover_enabled=&#8221;off&#8221; button_one_letter_spacing__hover=&#8221;null&#8221; button_two_letter_spacing__hover_enabled=&#8221;off&#8221; button_two_letter_spacing__hover=&#8221;null&#8221; button_one_bg_color__hover_enabled=&#8221;off&#8221; button_one_bg_color__hover=&#8221;null&#8221; button_two_bg_color__hover_enabled=&#8221;off&#8221; button_two_bg_color__hover=&#8221;null&#8221;][\/et_pb_fullwidth_header][\/et_pb_section][et_pb_section fb_built=&#8221;1&#8243; fullwidth=&#8221;on&#8221; _builder_version=&#8221;4.16&#8243; global_colors_info=&#8221;{}&#8221;][et_pb_fullwidth_image src=&#8221;https:\/\/www.item.si\/wp-content\/uploads\/2022\/09\/ITEM_ekipa_sep2022.jpg&#8221; alt=&#8221;ITEM Team&#8221; title_text=&#8221;ITEM_ekipa_sep2022&#8243; _builder_version=&#8221;4.18.0&#8243; animation_style=&#8221;fade&#8221; animation_duration=&#8221;500ms&#8221; use_border_color=&#8221;off&#8221; global_colors_info=&#8221;{}&#8221;][\/et_pb_fullwidth_image][\/et_pb_section][et_pb_section fb_built=&#8221;1&#8243; custom_padding_last_edited=&#8221;on|desktop&#8221; _builder_version=&#8221;4.16&#8243; background_color=&#8221;rgba(255,255,255,0)&#8221; custom_padding_tablet=&#8221;50px|0|50px|0&#8243; custom_padding_phone=&#8221;&#8221; transparent_background=&#8221;on&#8221; padding_mobile=&#8221;off&#8221; make_fullwidth=&#8221;off&#8221; use_custom_width=&#8221;off&#8221; width_unit=&#8221;on&#8221; global_colors_info=&#8221;{}&#8221;][et_pb_row _builder_version=&#8221;4.16&#8243; background_size=&#8221;initial&#8221; background_position=&#8221;top_left&#8221; background_repeat=&#8221;repeat&#8221; global_colors_info=&#8221;{}&#8221;][et_pb_column type=&#8221;4_4&#8243; _builder_version=&#8221;4.16&#8243; custom_padding=&#8221;|||&#8221; global_colors_info=&#8221;{}&#8221; custom_padding__hover=&#8221;|||&#8221;][et_pb_text admin_label=&#8221;Our team&#8221; _builder_version=&#8221;4.16&#8243; text_orientation=&#8221;center&#8221; border_color_all=&#8221;#ffffff&#8221; use_border_color=&#8221;off&#8221; global_colors_info=&#8221;{}&#8221;]<\/p>\n<h2>Na\u0161a ekipa<\/h2>\n<p>Na\u0161o ekipo sestavljamo izku\u0161eni pravniki, patentni zastopniki, zastopniki za blagovne znamke in modele ter strokovnjaki iz razli\u010dnih tehni\u010dnih podro\u010dij. Specializirani smo za podro\u010dje intelektualne lastnine, zato vam lahko svetujemo prav pri vseh vsebinskih vpra\u0161anjih, ki se nana\u0161ajo na to podro\u010dje, ter vas vodimo \u010dez vse postopke pridobitve pravic ali uveljavljanja pravic pred razli\u010dnimi organi (vklju\u010dno sodi\u0161\u010di). Vsak posami\u010dni primer obravnavamo odgovorno in strokovno ter si prizadevamo k razvoju <strong>edinstvenih in optimalnih re\u0161itev za na\u0161e stranke<\/strong>.<\/p>\n<p>[\/et_pb_text][\/et_pb_column][\/et_pb_row][et_pb_row column_structure=&#8221;1_4,1_4,1_4,1_4&#8243; use_custom_gutter=&#8221;on&#8221; gutter_width=&#8221;2&#8243; padding_mobile=&#8221;off&#8221; column_padding_mobile=&#8221;on&#8221; _builder_version=&#8221;4.16&#8243; background_size=&#8221;initial&#8221; background_position=&#8221;top_left&#8221; background_repeat=&#8221;repeat&#8221; make_fullwidth=&#8221;off&#8221; use_custom_width=&#8221;off&#8221; width_unit=&#8221;on&#8221; global_colors_info=&#8221;{}&#8221;][et_pb_column type=&#8221;1_4&#8243; _builder_version=&#8221;4.16&#8243; custom_padding=&#8221;|||&#8221; global_colors_info=&#8221;{}&#8221; custom_padding__hover=&#8221;|||&#8221;][et_pb_testimonial author=&#8221;Du\u0161ka Erjavec&#8221; job_title=&#8221;Svetovalka za znamke &#8221; url=&#8221;https:\/\/www.item.si\/sl\/o-nas\/duska-erjavec\/&#8221; portrait_url=&#8221;https:\/\/www.item.si\/wp-content\/uploads\/2015\/10\/duska_erjavec.jpg&#8221; quote_icon=&#8221;off&#8221; portrait_width=&#8221;150&#8243; portrait_height=&#8221;150&#8243; admin_label=&#8221;Du\u0161ka Erjavec&#8221; _builder_version=&#8221;4.16&#8243; use_background_color=&#8221;off&#8221; text_orientation=&#8221;center&#8221; z_index_tablet=&#8221;500&#8243; border_color_all=&#8221;#ffffff&#8221; border_radii_portrait=&#8221;100&#8243; use_border_color=&#8221;off&#8221; global_colors_info=&#8221;{}&#8221;][\/et_pb_testimonial][\/et_pb_column][et_pb_column type=&#8221;1_4&#8243; _builder_version=&#8221;4.16&#8243; custom_padding=&#8221;|||&#8221; global_colors_info=&#8221;{}&#8221; custom_padding__hover=&#8221;|||&#8221;][et_pb_testimonial author=&#8221;Nina Gorenc&#8221; job_title=&#8221;Svetovalka za patente&#8221; url=&#8221;https:\/\/www.item.si\/sl\/o-nas\/nina-gorenc\/&#8221; portrait_url=&#8221;https:\/\/www.item.si\/wp-content\/uploads\/2015\/10\/nina_gorenc.jpg&#8221; quote_icon=&#8221;off&#8221; portrait_width=&#8221;150&#8243; portrait_height=&#8221;150&#8243; admin_label=&#8221;Nina Gorenc&#8221; _builder_version=&#8221;4.16&#8243; use_background_color=&#8221;off&#8221; background_size=&#8221;initial&#8221; background_position=&#8221;top_left&#8221; background_repeat=&#8221;repeat&#8221; text_orientation=&#8221;center&#8221; border_radii_portrait=&#8221;on|100px|100px|100px|100px&#8221; use_border_color=&#8221;off&#8221; global_colors_info=&#8221;{}&#8221;][\/et_pb_testimonial][\/et_pb_column][et_pb_column type=&#8221;1_4&#8243; _builder_version=&#8221;4.16&#8243; custom_padding=&#8221;|||&#8221; global_colors_info=&#8221;{}&#8221; custom_padding__hover=&#8221;|||&#8221;][et_pb_testimonial author=&#8221;Avrelija Grad Goriup&#8221; job_title=&#8221;Zastopnica za patente, znamke in modele&#8221; url=&#8221;https:\/\/www.item.si\/sl\/o-nas\/avrelija-grad-goriup\/&#8221; portrait_url=&#8221;https:\/\/www.item.si\/wp-content\/uploads\/2015\/10\/avrelija_grad_goriup.jpg&#8221; quote_icon=&#8221;off&#8221; portrait_width=&#8221;150&#8243; portrait_height=&#8221;150&#8243; admin_label=&#8221;Avrelija Grad Goriup&#8221; _builder_version=&#8221;4.16&#8243; use_background_color=&#8221;off&#8221; background_size=&#8221;initial&#8221; background_position=&#8221;top_left&#8221; background_repeat=&#8221;repeat&#8221; text_orientation=&#8221;center&#8221; border_radii_portrait=&#8221;on|100px|100px|100px|100px&#8221; use_border_color=&#8221;off&#8221; global_colors_info=&#8221;{}&#8221;][\/et_pb_testimonial][\/et_pb_column][et_pb_column type=&#8221;1_4&#8243; _builder_version=&#8221;4.16&#8243; custom_padding=&#8221;|||&#8221; global_colors_info=&#8221;{}&#8221; custom_padding__hover=&#8221;|||&#8221;][et_pb_testimonial author=&#8221;Nata\u0161a \u010cerne Horvat&#8221; job_title=&#8221;Administrativni vodja pisarne&#8221; url=&#8221;https:\/\/www.item.si\/sl\/o-nas\/natasa-cerne\/&#8221; portrait_url=&#8221;https:\/\/www.item.si\/wp-content\/uploads\/2023\/06\/NatasaCerne-1-1-02-1-e1686419110915.jpeg&#8221; quote_icon=&#8221;off&#8221; portrait_width=&#8221;150&#8243; portrait_height=&#8221;150&#8243; admin_label=&#8221;Nata\u0161a \u010cerne Horvat&#8221; _builder_version=&#8221;4.21.0&#8243; use_background_color=&#8221;off&#8221; background_size=&#8221;initial&#8221; background_position=&#8221;top_left&#8221; background_repeat=&#8221;repeat&#8221; text_orientation=&#8221;center&#8221; border_radii_portrait=&#8221;on|100px|100px|100px|100px&#8221; use_border_color=&#8221;off&#8221; global_colors_info=&#8221;{}&#8221;][\/et_pb_testimonial][\/et_pb_column][\/et_pb_row][et_pb_row column_structure=&#8221;1_4,1_4,1_4,1_4&#8243; use_custom_gutter=&#8221;on&#8221; gutter_width=&#8221;2&#8243; padding_mobile=&#8221;off&#8221; column_padding_mobile=&#8221;on&#8221; _builder_version=&#8221;4.16&#8243; background_size=&#8221;initial&#8221; background_position=&#8221;top_left&#8221; background_repeat=&#8221;repeat&#8221; make_fullwidth=&#8221;off&#8221; use_custom_width=&#8221;off&#8221; width_unit=&#8221;on&#8221; global_colors_info=&#8221;{}&#8221;][et_pb_column type=&#8221;1_4&#8243; _builder_version=&#8221;4.16&#8243; custom_padding=&#8221;|||&#8221; global_colors_info=&#8221;{}&#8221; custom_padding__hover=&#8221;|||&#8221;][et_pb_testimonial author=&#8221;Tatjana Jer\u0161an&#8221; job_title=&#8221;Evropska patentna zastopnica&#8221; url=&#8221;https:\/\/www.item.si\/sl\/o-nas\/tatjana-jersan\/&#8221; portrait_url=&#8221;https:\/\/www.item.si\/wp-content\/uploads\/2015\/10\/tatjana_jersan.jpg&#8221; quote_icon=&#8221;off&#8221; portrait_width=&#8221;150&#8243; portrait_height=&#8221;150&#8243; admin_label=&#8221;Tatjana Jer\u0161an&#8221; _builder_version=&#8221;4.16&#8243; use_background_color=&#8221;off&#8221; background_size=&#8221;initial&#8221; background_position=&#8221;top_left&#8221; background_repeat=&#8221;repeat&#8221; text_orientation=&#8221;center&#8221; border_radii_portrait=&#8221;on|100px|100px|100px|100px&#8221; use_border_color=&#8221;off&#8221; global_colors_info=&#8221;{}&#8221;][\/et_pb_testimonial][\/et_pb_column][et_pb_column type=&#8221;1_4&#8243; _builder_version=&#8221;4.16&#8243; custom_padding=&#8221;|||&#8221; global_colors_info=&#8221;{}&#8221; custom_padding__hover=&#8221;|||&#8221;][et_pb_testimonial author=&#8221;Katja Kova\u010di\u010d&#8221; job_title=&#8221;Pravnica&#8221; url=&#8221;https:\/\/www.item.si\/sl\/o-nas\/katja-kovacic\/&#8221; portrait_url=&#8221;https:\/\/www.item.si\/wp-content\/uploads\/2015\/10\/katja_kovacic.jpg&#8221; quote_icon=&#8221;off&#8221; portrait_width=&#8221;150&#8243; portrait_height=&#8221;150&#8243; admin_label=&#8221;Katja Kova\u010di\u010d&#8221; _builder_version=&#8221;4.16&#8243; use_background_color=&#8221;off&#8221; background_size=&#8221;initial&#8221; background_position=&#8221;top_left&#8221; background_repeat=&#8221;repeat&#8221; text_orientation=&#8221;center&#8221; border_radii_portrait=&#8221;on|100px|100px|100px|100px&#8221; use_border_color=&#8221;off&#8221; global_colors_info=&#8221;{}&#8221;][\/et_pb_testimonial][\/et_pb_column][et_pb_column type=&#8221;1_4&#8243; _builder_version=&#8221;4.16&#8243; custom_padding=&#8221;|||&#8221; global_colors_info=&#8221;{}&#8221; custom_padding__hover=&#8221;|||&#8221;][et_pb_testimonial author=&#8221;Lea Kravos&#8221; job_title=&#8221;Zastopnica za znamke in modele&#8221; url=&#8221;https:\/\/www.item.si\/sl\/o-nas\/lea-kravos\/&#8221; portrait_url=&#8221;https:\/\/www.item.si\/wp-content\/uploads\/2015\/10\/lea_kravos.jpg&#8221; quote_icon=&#8221;off&#8221; portrait_width=&#8221;150&#8243; portrait_height=&#8221;150&#8243; admin_label=&#8221;Lea Kravos&#8221; _builder_version=&#8221;4.16&#8243; use_background_color=&#8221;off&#8221; background_size=&#8221;initial&#8221; background_position=&#8221;top_left&#8221; background_repeat=&#8221;repeat&#8221; text_orientation=&#8221;center&#8221; border_radii_portrait=&#8221;on|100px|100px|100px|100px&#8221; use_border_color=&#8221;off&#8221; global_colors_info=&#8221;{}&#8221;][\/et_pb_testimonial][\/et_pb_column][et_pb_column type=&#8221;1_4&#8243; _builder_version=&#8221;4.16&#8243; custom_padding=&#8221;|||&#8221; global_colors_info=&#8221;{}&#8221; custom_padding__hover=&#8221;|||&#8221;][et_pb_testimonial author=&#8221;Gregor Ma\u010dek&#8221; job_title=&#8221;Direktor, pravnik, zastopnik za patente, znamke in modele&#8221; url=&#8221;https:\/\/www.item.si\/sl\/o-nas\/gregor-macek\/&#8221; portrait_url=&#8221;https:\/\/www.item.si\/wp-content\/uploads\/2015\/10\/gregor_macek.jpg&#8221; quote_icon=&#8221;off&#8221; portrait_width=&#8221;150&#8243; portrait_height=&#8221;150&#8243; admin_label=&#8221;Gregor Ma\u010dek&#8221; _builder_version=&#8221;4.16&#8243; use_background_color=&#8221;off&#8221; background_size=&#8221;initial&#8221; background_position=&#8221;top_left&#8221; background_repeat=&#8221;repeat&#8221; text_orientation=&#8221;center&#8221; z_index_tablet=&#8221;500&#8243; border_radii_portrait=&#8221;on|100px|100px|100px|100px&#8221; use_border_color=&#8221;off&#8221; global_colors_info=&#8221;{}&#8221;][\/et_pb_testimonial][\/et_pb_column][\/et_pb_row][et_pb_row column_structure=&#8221;1_4,1_4,1_4,1_4&#8243; use_custom_gutter=&#8221;on&#8221; gutter_width=&#8221;2&#8243; padding_mobile=&#8221;off&#8221; column_padding_mobile=&#8221;on&#8221; _builder_version=&#8221;4.16&#8243; background_size=&#8221;initial&#8221; background_position=&#8221;top_left&#8221; background_repeat=&#8221;repeat&#8221; make_fullwidth=&#8221;off&#8221; use_custom_width=&#8221;off&#8221; width_unit=&#8221;on&#8221; global_colors_info=&#8221;{}&#8221;][et_pb_column type=&#8221;1_4&#8243; _builder_version=&#8221;4.16&#8243; custom_padding=&#8221;|||&#8221; global_colors_info=&#8221;{}&#8221; custom_padding__hover=&#8221;|||&#8221;][et_pb_testimonial author=&#8221;Ne\u017ea Poglajen&#8221; job_title=&#8221;Pravnica, Svetovalka za znamke&#8221; url=&#8221;https:\/\/www.item.si\/sl\/o-nas\/neza-poglajen\/&#8221; portrait_url=&#8221;https:\/\/www.item.si\/wp-content\/uploads\/2022\/08\/neza_poglajen_175x175px-1.jpg&#8221; quote_icon=&#8221;off&#8221; portrait_width=&#8221;150&#8243; portrait_height=&#8221;150&#8243; admin_label=&#8221;Ne\u017ea Poglajen&#8221; _builder_version=&#8221;4.27.4&#8243; use_background_color=&#8221;off&#8221; background_size=&#8221;initial&#8221; background_position=&#8221;top_left&#8221; background_repeat=&#8221;repeat&#8221; text_orientation=&#8221;center&#8221; hover_enabled=&#8221;0&#8243; border_radii_portrait=&#8221;on|100px|100px|100px|100px&#8221; use_border_color=&#8221;off&#8221; global_colors_info=&#8221;{}&#8221; sticky_enabled=&#8221;0&#8243;][\/et_pb_testimonial][\/et_pb_column][et_pb_column type=&#8221;1_4&#8243; _builder_version=&#8221;4.16&#8243; custom_padding=&#8221;|||&#8221; global_colors_info=&#8221;{}&#8221; custom_padding__hover=&#8221;|||&#8221;][et_pb_testimonial author=&#8221;Igor \u0160etinc&#8221; job_title=&#8221;Pravnik&#8221; url=&#8221;https:\/\/www.item.si\/sl\/o-nas\/igor-setinc\/&#8221; portrait_url=&#8221;https:\/\/www.item.si\/wp-content\/uploads\/2015\/10\/igor_setinc.jpg&#8221; quote_icon=&#8221;off&#8221; portrait_width=&#8221;150&#8243; portrait_height=&#8221;150&#8243; admin_label=&#8221;Igor \u0160etinc&#8221; _builder_version=&#8221;4.16&#8243; use_background_color=&#8221;off&#8221; background_size=&#8221;initial&#8221; background_position=&#8221;top_left&#8221; background_repeat=&#8221;repeat&#8221; text_orientation=&#8221;center&#8221; border_radii_portrait=&#8221;on|100px|100px|100px|100px&#8221; use_border_color=&#8221;off&#8221; global_colors_info=&#8221;{}&#8221;][\/et_pb_testimonial][\/et_pb_column][et_pb_column type=&#8221;1_4&#8243; _builder_version=&#8221;4.16&#8243; custom_padding=&#8221;|||&#8221; global_colors_info=&#8221;{}&#8221; custom_padding__hover=&#8221;|||&#8221;][et_pb_testimonial author=&#8221;Rok \u0160ivec&#8221; job_title=&#8221;Svetovalec za patente&#8221; url=&#8221;https:\/\/www.item.si\/sl\/o-nas-rok-sivec\/&#8221; portrait_url=&#8221;https:\/\/www.item.si\/wp-content\/uploads\/2023\/06\/RokSivec-2-1-scaled.jpg&#8221; quote_icon=&#8221;off&#8221; portrait_width=&#8221;150&#8243; portrait_height=&#8221;150&#8243; admin_label=&#8221;Rok \u0160ivec&#8221; _builder_version=&#8221;4.21.0&#8243; use_background_color=&#8221;off&#8221; background_size=&#8221;initial&#8221; background_position=&#8221;top_left&#8221; background_repeat=&#8221;repeat&#8221; text_orientation=&#8221;center&#8221; border_radii_portrait=&#8221;on|100px|100px|100px|100px&#8221; use_border_color=&#8221;off&#8221; global_colors_info=&#8221;{}&#8221;][\/et_pb_testimonial][\/et_pb_column][et_pb_column type=&#8221;1_4&#8243; _builder_version=&#8221;4.16&#8243; custom_padding=&#8221;|||&#8221; global_colors_info=&#8221;{}&#8221; custom_padding__hover=&#8221;|||&#8221;][et_pb_testimonial author=&#8221;Andrej Vojir&#8221; job_title=&#8221;Zastopnik za patente, znamke in modele&#8221; url=&#8221;https:\/\/www.item.si\/sl\/o-nas\/andrej-vojir\/&#8221; portrait_url=&#8221;https:\/\/www.item.si\/wp-content\/uploads\/2015\/10\/andrej_vojir.jpg&#8221; quote_icon=&#8221;off&#8221; portrait_width=&#8221;150&#8243; portrait_height=&#8221;150&#8243; admin_label=&#8221;Andrej Vojir&#8221; _builder_version=&#8221;4.16&#8243; use_background_color=&#8221;off&#8221; background_size=&#8221;initial&#8221; background_position=&#8221;top_left&#8221; background_repeat=&#8221;repeat&#8221; text_orientation=&#8221;center&#8221; border_radii_portrait=&#8221;on|100px|100px|100px|100px&#8221; use_border_color=&#8221;off&#8221; global_colors_info=&#8221;{}&#8221;][\/et_pb_testimonial][\/et_pb_column][\/et_pb_row][et_pb_row column_structure=&#8221;1_4,1_4,1_4,1_4&#8243; use_custom_gutter=&#8221;on&#8221; gutter_width=&#8221;2&#8243; padding_mobile=&#8221;off&#8221; column_padding_mobile=&#8221;on&#8221; _builder_version=&#8221;4.16&#8243; background_size=&#8221;initial&#8221; background_position=&#8221;top_left&#8221; background_repeat=&#8221;repeat&#8221; make_fullwidth=&#8221;off&#8221; use_custom_width=&#8221;off&#8221; width_unit=&#8221;on&#8221; global_colors_info=&#8221;{}&#8221;][et_pb_column type=&#8221;1_4&#8243; _builder_version=&#8221;4.16&#8243; custom_padding=&#8221;|||&#8221; global_colors_info=&#8221;{}&#8221; custom_padding__hover=&#8221;|||&#8221;][et_pb_testimonial author=&#8221;Veronika Vojir Vokal&#8221; job_title=&#8221;Pravnica&#8221; url=&#8221;https:\/\/www.item.si\/sl\/o-nas\/veronika-vojir-vokal\/&#8221; portrait_url=&#8221;https:\/\/www.item.si\/wp-content\/uploads\/2015\/10\/veronika_vojir_vokal.jpg&#8221; quote_icon=&#8221;off&#8221; portrait_width=&#8221;150&#8243; portrait_height=&#8221;150&#8243; admin_label=&#8221;Veronika Vojir Vokal&#8221; _builder_version=&#8221;4.16&#8243; use_background_color=&#8221;off&#8221; background_size=&#8221;initial&#8221; background_position=&#8221;top_left&#8221; background_repeat=&#8221;repeat&#8221; text_orientation=&#8221;center&#8221; border_radii_portrait=&#8221;on|100px|100px|100px|100px&#8221; use_border_color=&#8221;off&#8221; global_colors_info=&#8221;{}&#8221;][\/et_pb_testimonial][\/et_pb_column][et_pb_column type=&#8221;1_4&#8243; _builder_version=&#8221;4.16&#8243; custom_padding=&#8221;|||&#8221; global_colors_info=&#8221;{}&#8221; custom_padding__hover=&#8221;|||&#8221;][\/et_pb_column][et_pb_column type=&#8221;1_4&#8243; _builder_version=&#8221;4.16&#8243; custom_padding=&#8221;|||&#8221; global_colors_info=&#8221;{}&#8221; custom_padding__hover=&#8221;|||&#8221;][\/et_pb_column][et_pb_column type=&#8221;1_4&#8243; _builder_version=&#8221;4.16&#8243; custom_padding=&#8221;|||&#8221; global_colors_info=&#8221;{}&#8221; custom_padding__hover=&#8221;|||&#8221;][\/et_pb_column][\/et_pb_row][\/et_pb_section]<\/p>\n","protected":false},"excerpt":{"rendered":"<p>Na\u0161a ekipa Na\u0161o ekipo sestavljamo izku\u0161eni pravniki, patentni zastopniki, zastopniki za blagovne znamke in modele ter strokovnjaki iz razli\u010dnih tehni\u010dnih podro\u010dij. Specializirani smo za podro\u010dje intelektualne lastnine, zato vam lahko svetujemo prav pri vseh vsebinskih vpra\u0161anjih, ki se nana\u0161ajo na to podro\u010dje, ter vas vodimo \u010dez vse postopke pridobitve pravic ali uveljavljanja pravic pred razli\u010dnimi [&hellip;]<\/p>\n","protected":false},"author":1,"featured_media":0,"parent":0,"menu_order":3,"comment_status":"closed","ping_status":"closed","template":"","meta":{"_et_pb_use_builder":"on","_et_pb_old_content":"","_et_gb_content_width":"","footnotes":""},"class_list":["post-1082","page","type-page","status-publish","hentry"],"_links":{"self":[{"href":"https:\/\/www.item.si\/sl\/wp-json\/wp\/v2\/pages\/1082","targetHints":{"allow":["GET"]}}],"collection":[{"href":"https:\/\/www.item.si\/sl\/wp-json\/wp\/v2\/pages"}],"about":[{"href":"https:\/\/www.item.si\/sl\/wp-json\/wp\/v2\/types\/page"}],"author":[{"embeddable":true,"href":"https:\/\/www.item.si\/sl\/wp-json\/wp\/v2\/users\/1"}],"replies":[{"embeddable":true,"href":"https:\/\/www.item.si\/sl\/wp-json\/wp\/v2\/comments?post=1082"}],"version-history":[{"count":34,"href":"https:\/\/www.item.si\/sl\/wp-json\/wp\/v2\/pages\/1082\/revisions"}],"predecessor-version":[{"id":15653,"href":"https:\/\/www.item.si\/sl\/wp-json\/wp\/v2\/pages\/1082\/revisions\/15653"}],"wp:attachment":[{"href":"https:\/\/www.item.si\/sl\/wp-json\/wp\/v2\/media?parent=1082"}],"curies":[{"name":"wp","href":"https:\/\/api.w.org\/{rel}","templated":true}]}}